{"id":3374,"date":"2015-04-15T06:00:54","date_gmt":"2015-04-15T06:00:54","guid":{"rendered":"http:\/\/feman.net\/?p=3374"},"modified":"2022-03-19T15:14:31","modified_gmt":"2022-03-19T15:14:31","slug":"zastita-kontakta-za-osnove-nozastih-osiguraca","status":"publish","type":"product","link":"https:\/\/www.feman.net\/eng\/?product=zastita-kontakta-za-osnove-nozastih-osiguraca","title":{"rendered":"ZA\u0160TITA KONTAKTA ZA OSNOVE NO\u017dASTIH OSIGURA\u010cA"},"content":{"rendered":"<p>&nbsp;<\/p>\n<p>Slu\u017ee kao dodatna za\u0161tita od slu\u010dajnog dodira delova pod naponom. Klasa izolacije je C &#8211; VDE 0110. Izra\u0111ene su prema standardima i propisima EN 60269, IEC 269, DIN VDE 0636, DIN 43620, DIN 3623.<\/p>\n<p><a href=\"http:\/\/www.feman.net\/wp-content\/uploads\/2015\/03\/19-51.png\"><img loading=\"lazy\" decoding=\"async\" class=\"alignnone wp-image-1760 size-thumbnail\" src=\"http:\/\/www.feman.net\/wp-content\/uploads\/2015\/03\/19-51-150x150.png\" alt=\"ZA\u0160TITA KONTAKTA ZA OSNOVE NO\u017dASTIH OSIGURA\u010cA\" width=\"150\" height=\"150\" srcset=\"https:\/\/www.feman.net\/eng\/wp-content\/uploads\/2015\/03\/19-51-150x150.png 150w, https:\/\/www.feman.net\/eng\/wp-content\/uploads\/2015\/03\/19-51-100x100.png 100w\" sizes=\"(max-width: 150px) 100vw, 150px\" \/><\/a><\/p>\n<table style=\"height: 164px;\" width=\"683\">\n<tbody>\n<tr>\n<td style=\"text-align: center;\">Kodni broj<\/td>\n<td style=\"text-align: center;\">Oznaka<\/td>\n<td style=\"text-align: center;\">Pakovanje kom<\/td>\n<td style=\"text-align: center;\">Te\u017eina kg\/kom<\/td>\n<\/tr>\n<tr>\n<td style=\"text-align: center;\">5410252<\/td>\n<td style=\"text-align: center;\">ZASTITA KONTAKATA ZA PK-250<\/td>\n<td style=\"text-align: center;\">50<\/td>\n<td style=\"text-align: center;\">1,60<\/td>\n<\/tr>\n<tr>\n<td style=\"text-align: center;\">5410402<\/td>\n<td style=\"text-align: center;\">ZASTITA KONTAKATA ZA PK-400<\/td>\n<td style=\"text-align: center;\">50<\/td>\n<td style=\"text-align: center;\">2,30<\/td>\n<\/tr>\n<\/tbody>\n<\/table>\n<p>&nbsp;<\/p>\n","protected":false},"excerpt":{"rendered":"<p>&nbsp; Slu\u017ee kao dodatna za\u0161tita od slu\u010dajnog dodira delova pod naponom. Klasa izolacije je C &#8211; VDE 0110. Izra\u0111ene su prema standardima i propisima EN 60269, IEC 269, DIN VDE 0636, DIN 43620, DIN 3623. Kodni broj Oznaka Pakovanje kom Te\u017eina kg\/kom 5410252 ZASTITA KONTAKATA ZA PK-250 50 1,60 5410402 ZASTITA KONTAKATA ZA PK-400 50 [&hellip;]<\/p>\n","protected":false},"featured_media":265836,"comment_status":"closed","ping_status":"closed","template":"","meta":[],"product_brand":[],"product_cat":[202],"product_tag":[],"class_list":{"0":"post-3374","1":"product","2":"type-product","3":"status-publish","4":"has-post-thumbnail","6":"product_cat-osiguraci","8":"first","9":"instock","10":"shipping-taxable","11":"product-type-simple"},"_links":{"self":[{"href":"https:\/\/www.feman.net\/eng\/index.php?rest_route=\/wp\/v2\/product\/3374","targetHints":{"allow":["GET"]}}],"collection":[{"href":"https:\/\/www.feman.net\/eng\/index.php?rest_route=\/wp\/v2\/product"}],"about":[{"href":"https:\/\/www.feman.net\/eng\/index.php?rest_route=\/wp\/v2\/types\/product"}],"replies":[{"embeddable":true,"href":"https:\/\/www.feman.net\/eng\/index.php?rest_route=%2Fwp%2Fv2%2Fcomments&post=3374"}],"wp:featuredmedia":[{"embeddable":true,"href":"https:\/\/www.feman.net\/eng\/index.php?rest_route=\/wp\/v2\/media\/265836"}],"wp:attachment":[{"href":"https:\/\/www.feman.net\/eng\/index.php?rest_route=%2Fwp%2Fv2%2Fmedia&parent=3374"}],"wp:term":[{"taxonomy":"product_brand","embeddable":true,"href":"https:\/\/www.feman.net\/eng\/index.php?rest_route=%2Fwp%2Fv2%2Fproduct_brand&post=3374"},{"taxonomy":"product_cat","embeddable":true,"href":"https:\/\/www.feman.net\/eng\/index.php?rest_route=%2Fwp%2Fv2%2Fproduct_cat&post=3374"},{"taxonomy":"product_tag","embeddable":true,"href":"https:\/\/www.feman.net\/eng\/index.php?rest_route=%2Fwp%2Fv2%2Fproduct_tag&post=3374"}],"curies":[{"name":"wp","href":"https:\/\/api.w.org\/{rel}","templated":true}]}}