{"id":3377,"date":"2015-04-15T06:08:45","date_gmt":"2015-04-15T06:08:45","guid":{"rendered":"http:\/\/feman.net\/?p=3377"},"modified":"2022-11-23T22:21:09","modified_gmt":"2022-11-23T22:21:09","slug":"osiguracke-letve","status":"publish","type":"product","link":"https:\/\/www.feman.net\/eng\/?product=osiguracke-letve","title":{"rendered":"OSIGURA\u010cKE LETVE"},"content":{"rendered":"<p><a href=\"http:\/\/www.feman.net\/wp-content\/uploads\/2015\/03\/20-12.png\"><img loading=\"lazy\" decoding=\"async\" class=\"wp-image-1761  alignnone\" src=\"http:\/\/www.feman.net\/wp-content\/uploads\/2015\/03\/20-12-300x185.png\" alt=\"OSIGURA\u010cKE LETVE\" width=\"433\" height=\"267\" srcset=\"https:\/\/www.feman.net\/eng\/wp-content\/uploads\/2015\/03\/20-12-300x185.png 300w, https:\/\/www.feman.net\/eng\/wp-content\/uploads\/2015\/03\/20-12-600x370.png 600w, https:\/\/www.feman.net\/eng\/wp-content\/uploads\/2015\/03\/20-12-150x93.png 150w, https:\/\/www.feman.net\/eng\/wp-content\/uploads\/2015\/03\/20-12.png 700w\" sizes=\"(max-width: 433px) 100vw, 433px\" \/><\/a><\/p>\n<p style=\"text-align: justify;\">Koriste se za za\u0161titu elektri\u010dnih mre\u017ea od kratkih spojeva i preoptere\u0107enja. Predvi|ene su za monta\u017eu na sabirnice. Lako se montiraju, zauzimaju malo prostora na monta\u017enoj tabli. Ku\u0107i\u0161te je napravljeno od samogasivog poliestera oja\u010danog staklenim vlaknima.<\/p>\n<table style=\"height: 81px; width: 73.5757%;\" width=\"846\">\n<tbody>\n<tr style=\"background-color: #c8e4f7;\">\n<td style=\"text-align: center;\">Kodni broj<\/td>\n<td style=\"text-align: center;\">Tip<\/td>\n<td style=\"text-align: center;\">Nazivna struja A<\/td>\n<td style=\"text-align: center;\">Maksimalni radni napon V<\/td>\n<td style=\"text-align: center;\">Napon izolacije V<\/td>\n<td style=\"text-align: center;\">Pakovanje kom<\/td>\n<\/tr>\n<tr>\n<td style=\"text-align: center;\">5400041<\/td>\n<td style=\"text-align: center;\">L00-160\/3<\/td>\n<td style=\"text-align: center;\">160<\/td>\n<td style=\"text-align: center;\">690<\/td>\n<td style=\"text-align: center;\">750<\/td>\n<td style=\"text-align: center;\">1<\/td>\n<\/tr>\n<tr>\n<td style=\"text-align: center;\">5400042<\/td>\n<td style=\"text-align: center;\">FR1-250\/3<\/td>\n<td style=\"text-align: center;\">250<\/td>\n<td style=\"text-align: center;\">690<\/td>\n<td style=\"text-align: center;\">1000<\/td>\n<td style=\"text-align: center;\">1<\/td>\n<\/tr>\n<tr>\n<td style=\"text-align: center;\">5400043<\/td>\n<td style=\"text-align: center;\">FR2-400\/3<\/td>\n<td style=\"text-align: center;\">400<\/td>\n<td style=\"text-align: center;\">690<\/td>\n<td style=\"text-align: center;\">1000<\/td>\n<td style=\"text-align: center;\">1<\/td>\n<\/tr>\n<tr>\n<td style=\"text-align: center;\">5400044<\/td>\n<td style=\"text-align: center;\">FR3-630\/3<\/td>\n<td style=\"text-align: center;\">630<\/td>\n<td style=\"text-align: center;\">690<\/td>\n<td style=\"text-align: center;\">1000<\/td>\n<td style=\"text-align: center;\">1<\/td>\n<\/tr>\n<\/tbody>\n<\/table>\n<p>&nbsp;<\/p>\n","protected":false},"excerpt":{"rendered":"<p>Koriste se za za\u0161titu elektri\u010dnih mre\u017ea od kratkih spojeva i preoptere\u0107enja. Predvi|ene su za monta\u017eu na sabirnice. Lako se montiraju, zauzimaju malo prostora na monta\u017enoj tabli. Ku\u0107i\u0161te je napravljeno od samogasivog poliestera oja\u010danog staklenim vlaknima. Kodni broj Tip Nazivna struja A Maksimalni radni napon V Napon izolacije V Pakovanje kom 5400041 L00-160\/3 160 690 750 [&hellip;]<\/p>\n","protected":false},"featured_media":265823,"comment_status":"closed","ping_status":"closed","template":"","meta":[],"product_brand":[],"product_cat":[202],"product_tag":[],"class_list":{"0":"post-3377","1":"product","2":"type-product","3":"status-publish","4":"has-post-thumbnail","6":"product_cat-osiguraci","8":"first","9":"instock","10":"shipping-taxable","11":"product-type-simple"},"_links":{"self":[{"href":"https:\/\/www.feman.net\/eng\/index.php?rest_route=\/wp\/v2\/product\/3377","targetHints":{"allow":["GET"]}}],"collection":[{"href":"https:\/\/www.feman.net\/eng\/index.php?rest_route=\/wp\/v2\/product"}],"about":[{"href":"https:\/\/www.feman.net\/eng\/index.php?rest_route=\/wp\/v2\/types\/product"}],"replies":[{"embeddable":true,"href":"https:\/\/www.feman.net\/eng\/index.php?rest_route=%2Fwp%2Fv2%2Fcomments&post=3377"}],"wp:featuredmedia":[{"embeddable":true,"href":"https:\/\/www.feman.net\/eng\/index.php?rest_route=\/wp\/v2\/media\/265823"}],"wp:attachment":[{"href":"https:\/\/www.feman.net\/eng\/index.php?rest_route=%2Fwp%2Fv2%2Fmedia&parent=3377"}],"wp:term":[{"taxonomy":"product_brand","embeddable":true,"href":"https:\/\/www.feman.net\/eng\/index.php?rest_route=%2Fwp%2Fv2%2Fproduct_brand&post=3377"},{"taxonomy":"product_cat","embeddable":true,"href":"https:\/\/www.feman.net\/eng\/index.php?rest_route=%2Fwp%2Fv2%2Fproduct_cat&post=3377"},{"taxonomy":"product_tag","embeddable":true,"href":"https:\/\/www.feman.net\/eng\/index.php?rest_route=%2Fwp%2Fv2%2Fproduct_tag&post=3377"}],"curies":[{"name":"wp","href":"https:\/\/api.w.org\/{rel}","templated":true}]}}