{"id":3379,"date":"2015-04-15T06:11:23","date_gmt":"2015-04-15T06:11:23","guid":{"rendered":"http:\/\/feman.net\/?p=3379"},"modified":"2022-11-23T22:11:17","modified_gmt":"2022-11-23T22:11:17","slug":"rastavne-osiguracke-letve-driser-2","status":"publish","type":"product","link":"https:\/\/www.feman.net\/eng\/?product=rastavne-osiguracke-letve-driser-2","title":{"rendered":"RASTAVNE OSIGURA\u010cKE LETVE &#8211; DRI\u0160ER"},"content":{"rendered":"<p><a href=\"http:\/\/www.feman.net\/wp-content\/uploads\/2015\/03\/20-22.png\"><img loading=\"lazy\" decoding=\"async\" class=\"alignnone wp-image-1762 size-medium\" src=\"http:\/\/www.feman.net\/wp-content\/uploads\/2015\/03\/20-22-300x189.png\" alt=\"RASTAVNE OSIGURA\u010cKE LETVE - DRI\u0160ER\" width=\"300\" height=\"189\" srcset=\"https:\/\/www.feman.net\/eng\/wp-content\/uploads\/2015\/03\/20-22-300x189.png 300w, https:\/\/www.feman.net\/eng\/wp-content\/uploads\/2015\/03\/20-22-600x378.png 600w, https:\/\/www.feman.net\/eng\/wp-content\/uploads\/2015\/03\/20-22-150x95.png 150w, https:\/\/www.feman.net\/eng\/wp-content\/uploads\/2015\/03\/20-22.png 746w\" sizes=\"(max-width: 300px) 100vw, 300px\" \/><\/a><\/p>\n<p>Koriste se za zatitu elektri\u010dnih mre\u017ea od kratkih spojeva i preoptere\u0107enja. Predvi\u0111ene su za monta\u017eu na sabirnice. Lako se montiraju, zauzimaju malo prostora na monta\u017enoj tabli i obezbe|uju za\u0161titu od napona dodira. Ku\u0107i\u0161te je napravljeno od samogasivog poliestera oja\u010danog staklenim vlaknima.<\/p>\n<table style=\"height: 46px; width: 62.2995%;\" width=\"692\">\n<tbody>\n<tr style=\"background-color: #c8e4f7;\">\n<td style=\"width: 10.9827%; text-align: center;\">Kodni broj<\/td>\n<td style=\"width: 11.7052%; text-align: center;\">Tip<\/td>\n<td style=\"width: 16.763%; text-align: center;\">Nazivna struja A<\/td>\n<td style=\"width: 26.5896%; text-align: center;\">Maksimalni radni napon V<\/td>\n<td style=\"width: 15.7514%; text-align: center;\">Napon izolacije<\/td>\n<td style=\"width: 15.7514%; text-align: center;\">Pakovanje kom<\/td>\n<\/tr>\n<tr>\n<td style=\"width: 10.9827%; text-align: center;\">5400031<\/td>\n<td style=\"width: 11.7052%; text-align: center;\">SL00-160\/3<\/td>\n<td style=\"width: 16.763%; text-align: center;\">160<\/td>\n<td style=\"width: 26.5896%; text-align: center;\">690<\/td>\n<td style=\"width: 15.7514%; text-align: center;\">750<\/td>\n<td style=\"width: 15.7514%; text-align: center;\">1<\/td>\n<\/tr>\n<tr>\n<td style=\"width: 10.9827%; text-align: center;\">5400032<\/td>\n<td style=\"width: 11.7052%; text-align: center;\">FD1-250\/3<\/td>\n<td style=\"width: 16.763%; text-align: center;\">250<\/td>\n<td style=\"width: 26.5896%; text-align: center;\">690<\/td>\n<td style=\"width: 15.7514%; text-align: center;\">1000<\/td>\n<td style=\"width: 15.7514%; text-align: center;\">1<\/td>\n<\/tr>\n<tr>\n<td style=\"width: 10.9827%; text-align: center;\">5400033<\/td>\n<td style=\"width: 11.7052%; text-align: center;\">FD2-400\/3<\/td>\n<td style=\"width: 16.763%; text-align: center;\">400<\/td>\n<td style=\"width: 26.5896%; text-align: center;\">690<\/td>\n<td style=\"width: 15.7514%; text-align: center;\">1000<\/td>\n<td style=\"width: 15.7514%; text-align: center;\">1<\/td>\n<\/tr>\n<tr>\n<td style=\"width: 10.9827%; text-align: center;\">5400034<\/td>\n<td style=\"width: 11.7052%; text-align: center;\">FD3-630\/3<\/td>\n<td style=\"width: 16.763%; text-align: center;\">630<\/td>\n<td style=\"width: 26.5896%; text-align: center;\">690<\/td>\n<td style=\"width: 15.7514%; text-align: center;\">1000<\/td>\n<td style=\"width: 15.7514%; text-align: center;\">1<\/td>\n<\/tr>\n<\/tbody>\n<\/table>\n<p>&nbsp;<\/p>\n","protected":false},"excerpt":{"rendered":"<p>Koriste se za zatitu elektri\u010dnih mre\u017ea od kratkih spojeva i preoptere\u0107enja. Predvi\u0111ene su za monta\u017eu na sabirnice. Lako se montiraju, zauzimaju malo prostora na monta\u017enoj tabli i obezbe|uju za\u0161titu od napona dodira. Ku\u0107i\u0161te je napravljeno od samogasivog poliestera oja\u010danog staklenim vlaknima. Kodni broj Tip Nazivna struja A Maksimalni radni napon V Napon izolacije Pakovanje kom [&hellip;]<\/p>\n","protected":false},"featured_media":265827,"comment_status":"closed","ping_status":"closed","template":"","meta":[],"product_brand":[],"product_cat":[202],"product_tag":[],"class_list":{"0":"post-3379","1":"product","2":"type-product","3":"status-publish","4":"has-post-thumbnail","6":"product_cat-osiguraci","8":"first","9":"instock","10":"shipping-taxable","11":"product-type-simple"},"_links":{"self":[{"href":"https:\/\/www.feman.net\/eng\/index.php?rest_route=\/wp\/v2\/product\/3379","targetHints":{"allow":["GET"]}}],"collection":[{"href":"https:\/\/www.feman.net\/eng\/index.php?rest_route=\/wp\/v2\/product"}],"about":[{"href":"https:\/\/www.feman.net\/eng\/index.php?rest_route=\/wp\/v2\/types\/product"}],"replies":[{"embeddable":true,"href":"https:\/\/www.feman.net\/eng\/index.php?rest_route=%2Fwp%2Fv2%2Fcomments&post=3379"}],"wp:featuredmedia":[{"embeddable":true,"href":"https:\/\/www.feman.net\/eng\/index.php?rest_route=\/wp\/v2\/media\/265827"}],"wp:attachment":[{"href":"https:\/\/www.feman.net\/eng\/index.php?rest_route=%2Fwp%2Fv2%2Fmedia&parent=3379"}],"wp:term":[{"taxonomy":"product_brand","embeddable":true,"href":"https:\/\/www.feman.net\/eng\/index.php?rest_route=%2Fwp%2Fv2%2Fproduct_brand&post=3379"},{"taxonomy":"product_cat","embeddable":true,"href":"https:\/\/www.feman.net\/eng\/index.php?rest_route=%2Fwp%2Fv2%2Fproduct_cat&post=3379"},{"taxonomy":"product_tag","embeddable":true,"href":"https:\/\/www.feman.net\/eng\/index.php?rest_route=%2Fwp%2Fv2%2Fproduct_tag&post=3379"}],"curies":[{"name":"wp","href":"https:\/\/api.w.org\/{rel}","templated":true}]}}