{"id":3383,"date":"2015-04-15T06:22:36","date_gmt":"2015-04-15T06:22:36","guid":{"rendered":"http:\/\/feman.net\/?p=3383"},"modified":"2022-11-23T22:20:22","modified_gmt":"2022-11-23T22:20:22","slug":"rastavna-osiguracka-postolja-2","status":"publish","type":"product","link":"https:\/\/www.feman.net\/eng\/?product=rastavna-osiguracka-postolja-2","title":{"rendered":"RASTAVNA OSIGURA\u010cKA POSTOLJA"},"content":{"rendered":"<p><a href=\"http:\/\/www.feman.net\/wp-content\/uploads\/2015\/03\/20-31.png\"><img loading=\"lazy\" decoding=\"async\" class=\"alignnone wp-image-1763\" src=\"http:\/\/www.feman.net\/wp-content\/uploads\/2015\/03\/20-31-248x300.png\" alt=\"RASTAVNA OSIGURA\u010cKA POSTOLJA\" width=\"214\" height=\"259\" srcset=\"https:\/\/www.feman.net\/eng\/wp-content\/uploads\/2015\/03\/20-31-248x300.png 248w, https:\/\/www.feman.net\/eng\/wp-content\/uploads\/2015\/03\/20-31-300x362.png 300w, https:\/\/www.feman.net\/eng\/wp-content\/uploads\/2015\/03\/20-31-150x181.png 150w, https:\/\/www.feman.net\/eng\/wp-content\/uploads\/2015\/03\/20-31.png 463w\" sizes=\"(max-width: 214px) 100vw, 214px\" \/><\/a><\/p>\n<p style=\"text-align: justify;\">Koriste se za za\u0161titu elektri\u010dnih mre\u017ea od kratkih spojeva i preoptere\u0107enja. Lako se montiraju, zauzimaju malo prostora na monta\u017enoj tabli i obezbe\u0111uju za\u0161titu od napona dodira. Ku\u0107i\u0161te je napravljeno od samogasivog poliestera oja\u010danog staklenim vlaknima.<\/p>\n<table style=\"height: 202px; width: 80.1911%;\" width=\"670\">\n<tbody>\n<tr style=\"background-color: #c8e4f7;\">\n<td style=\"text-align: center;\">Kodni broj<\/td>\n<td style=\"text-align: center;\">Tip<\/td>\n<td style=\"text-align: center;\">Nazivna struja A<\/td>\n<td style=\"text-align: center;\">Maksimalni radni napon V<\/td>\n<td style=\"text-align: center;\">Napon izolacije V<\/td>\n<td style=\"text-align: center;\">Pakovanje kom<\/td>\n<\/tr>\n<tr>\n<td style=\"text-align: center;\">5400115<\/td>\n<td style=\"text-align: center;\">FH00-160\/1<\/td>\n<td style=\"text-align: center;\">160<\/td>\n<td style=\"text-align: center;\">690<\/td>\n<td style=\"text-align: center;\">1000<\/td>\n<td style=\"text-align: center;\">1<\/td>\n<\/tr>\n<tr>\n<td style=\"text-align: center;\">5400116<\/td>\n<td style=\"text-align: center;\">FH00-160\/3<\/td>\n<td style=\"text-align: center;\">160<\/td>\n<td style=\"text-align: center;\">690<\/td>\n<td style=\"text-align: center;\">1000<\/td>\n<td style=\"text-align: center;\">1<\/td>\n<\/tr>\n<tr>\n<td style=\"text-align: center;\">5400124<\/td>\n<td style=\"text-align: center;\">FH1-250\/1<\/td>\n<td style=\"text-align: center;\">250<\/td>\n<td style=\"text-align: center;\">690<\/td>\n<td style=\"text-align: center;\">1000<\/td>\n<td style=\"text-align: center;\">1<\/td>\n<\/tr>\n<tr>\n<td style=\"text-align: center;\">5400125<\/td>\n<td style=\"text-align: center;\">FH1-250\/3<\/td>\n<td style=\"text-align: center;\">250<\/td>\n<td style=\"text-align: center;\">690<\/td>\n<td style=\"text-align: center;\">1000<\/td>\n<td style=\"text-align: center;\">1<\/td>\n<\/tr>\n<tr>\n<td style=\"text-align: center;\">5400139<\/td>\n<td style=\"text-align: center;\">FH2-400\/1<\/td>\n<td style=\"text-align: center;\">400<\/td>\n<td style=\"text-align: center;\">690<\/td>\n<td style=\"text-align: center;\">1000<\/td>\n<td style=\"text-align: center;\">1<\/td>\n<\/tr>\n<tr>\n<td style=\"text-align: center;\">5400140<\/td>\n<td style=\"text-align: center;\">FH2-400\/3<\/td>\n<td style=\"text-align: center;\">400<\/td>\n<td style=\"text-align: center;\">690<\/td>\n<td style=\"text-align: center;\">1000<\/td>\n<td style=\"text-align: center;\">1<\/td>\n<\/tr>\n<tr>\n<td style=\"text-align: center;\">5400162<\/td>\n<td style=\"text-align: center;\">FH3-630\/1<\/td>\n<td style=\"text-align: center;\">630<\/td>\n<td style=\"text-align: center;\">690<\/td>\n<td style=\"text-align: center;\">1000<\/td>\n<td style=\"text-align: center;\">1<\/td>\n<\/tr>\n<tr>\n<td style=\"text-align: center;\">5400163<\/td>\n<td style=\"text-align: center;\">FH3-630\/3<\/td>\n<td style=\"text-align: center;\">630<\/td>\n<td style=\"text-align: center;\">690<\/td>\n<td style=\"text-align: center;\">1000<\/td>\n<td style=\"text-align: center;\">1<\/td>\n<\/tr>\n<\/tbody>\n<\/table>\n<p>&nbsp;<\/p>\n","protected":false},"excerpt":{"rendered":"<p>Koriste se za za\u0161titu elektri\u010dnih mre\u017ea od kratkih spojeva i preoptere\u0107enja. Lako se montiraju, zauzimaju malo prostora na monta\u017enoj tabli i obezbe\u0111uju za\u0161titu od napona dodira. Ku\u0107i\u0161te je napravljeno od samogasivog poliestera oja\u010danog staklenim vlaknima. Kodni broj Tip Nazivna struja A Maksimalni radni napon V Napon izolacije V Pakovanje kom 5400115 FH00-160\/1 160 690 1000 [&hellip;]<\/p>\n","protected":false},"featured_media":265825,"comment_status":"closed","ping_status":"closed","template":"","meta":[],"product_brand":[],"product_cat":[202],"product_tag":[],"class_list":{"0":"post-3383","1":"product","2":"type-product","3":"status-publish","4":"has-post-thumbnail","6":"product_cat-osiguraci","8":"first","9":"instock","10":"shipping-taxable","11":"product-type-simple"},"_links":{"self":[{"href":"https:\/\/www.feman.net\/eng\/index.php?rest_route=\/wp\/v2\/product\/3383","targetHints":{"allow":["GET"]}}],"collection":[{"href":"https:\/\/www.feman.net\/eng\/index.php?rest_route=\/wp\/v2\/product"}],"about":[{"href":"https:\/\/www.feman.net\/eng\/index.php?rest_route=\/wp\/v2\/types\/product"}],"replies":[{"embeddable":true,"href":"https:\/\/www.feman.net\/eng\/index.php?rest_route=%2Fwp%2Fv2%2Fcomments&post=3383"}],"wp:featuredmedia":[{"embeddable":true,"href":"https:\/\/www.feman.net\/eng\/index.php?rest_route=\/wp\/v2\/media\/265825"}],"wp:attachment":[{"href":"https:\/\/www.feman.net\/eng\/index.php?rest_route=%2Fwp%2Fv2%2Fmedia&parent=3383"}],"wp:term":[{"taxonomy":"product_brand","embeddable":true,"href":"https:\/\/www.feman.net\/eng\/index.php?rest_route=%2Fwp%2Fv2%2Fproduct_brand&post=3383"},{"taxonomy":"product_cat","embeddable":true,"href":"https:\/\/www.feman.net\/eng\/index.php?rest_route=%2Fwp%2Fv2%2Fproduct_cat&post=3383"},{"taxonomy":"product_tag","embeddable":true,"href":"https:\/\/www.feman.net\/eng\/index.php?rest_route=%2Fwp%2Fv2%2Fproduct_tag&post=3383"}],"curies":[{"name":"wp","href":"https:\/\/api.w.org\/{rel}","templated":true}]}}