{"id":3385,"date":"2015-04-15T06:26:14","date_gmt":"2015-04-15T06:26:14","guid":{"rendered":"http:\/\/feman.net\/?p=3385"},"modified":"2022-11-23T21:52:30","modified_gmt":"2022-11-23T21:52:30","slug":"trofazni-oklopljeni-osiguraci","status":"publish","type":"product","link":"https:\/\/www.feman.net\/eng\/?product=trofazni-oklopljeni-osiguraci","title":{"rendered":"TROFAZNI OKLOPLJENI OSIGURA\u010cI"},"content":{"rendered":"<p><a href=\"http:\/\/www.feman.net\/wp-content\/uploads\/2015\/03\/20-41.png\"><img loading=\"lazy\" decoding=\"async\" class=\"alignnone wp-image-1764\" src=\"http:\/\/www.feman.net\/wp-content\/uploads\/2015\/03\/20-41-300x271.png\" alt=\"TROFAZNI OKLOPLJENI OSIGURA\u010cI\" width=\"258\" height=\"233\" srcset=\"https:\/\/www.feman.net\/eng\/wp-content\/uploads\/2015\/03\/20-41-300x271.png 300w, https:\/\/www.feman.net\/eng\/wp-content\/uploads\/2015\/03\/20-41-600x541.png 600w, https:\/\/www.feman.net\/eng\/wp-content\/uploads\/2015\/03\/20-41-150x135.png 150w, https:\/\/www.feman.net\/eng\/wp-content\/uploads\/2015\/03\/20-41.png 605w\" sizes=\"(max-width: 258px) 100vw, 258px\" \/><\/a><\/p>\n<p>Koriste se za osiguranje ku\u0107nog priklju\u010dka za monta\u017eu na tavanu ili u mernom ormanu. Isporu\u010duju se po \u017eelji kupca sa kontakt vijcima i topljivim umetcima. Ku\u0107i\u0161te je izra\u0111eno od termoplasti\u010dne mase.<\/p>\n<table style=\"height: 176px;\" width=\"772\">\n<tbody>\n<tr style=\"background-color: #c8e4f7;\">\n<td style=\"text-align: center;\">Kodni broj<\/td>\n<td style=\"text-align: center;\">Tip<\/td>\n<td style=\"text-align: center;\">Du\u017eina mm<\/td>\n<td style=\"text-align: center;\">\u0160irina mm<\/td>\n<td style=\"text-align: center;\">Pakovanje kom<\/td>\n<td style=\"text-align: center;\">Te\u017eina kg\/kom<\/td>\n<\/tr>\n<tr>\n<td style=\"text-align: center;\">5100020<\/td>\n<td style=\"text-align: center;\">63 A<\/td>\n<td style=\"text-align: center;\">226<\/td>\n<td style=\"text-align: center;\">150<\/td>\n<td style=\"text-align: center;\">10<\/td>\n<td style=\"text-align: center;\">1,40<\/td>\n<\/tr>\n<tr>\n<td style=\"text-align: center;\">5100026<\/td>\n<td style=\"text-align: center;\">25 A<\/td>\n<td style=\"text-align: center;\">226<\/td>\n<td style=\"text-align: center;\">150<\/td>\n<td style=\"text-align: center;\">10<\/td>\n<td style=\"text-align: center;\">1,40<\/td>\n<\/tr>\n<\/tbody>\n<\/table>\n<p>&nbsp;<\/p>\n","protected":false},"excerpt":{"rendered":"<p>Koriste se za osiguranje ku\u0107nog priklju\u010dka za monta\u017eu na tavanu ili u mernom ormanu. Isporu\u010duju se po \u017eelji kupca sa kontakt vijcima i topljivim umetcima. Ku\u0107i\u0161te je izra\u0111eno od termoplasti\u010dne mase. Kodni broj Tip Du\u017eina mm \u0160irina mm Pakovanje kom Te\u017eina kg\/kom 5100020 63 A 226 150 10 1,40 5100026 25 A 226 150 10 [&hellip;]<\/p>\n","protected":false},"featured_media":265832,"comment_status":"closed","ping_status":"closed","template":"","meta":[],"product_brand":[],"product_cat":[202],"product_tag":[],"class_list":{"0":"post-3385","1":"product","2":"type-product","3":"status-publish","4":"has-post-thumbnail","6":"product_cat-osiguraci","8":"first","9":"instock","10":"shipping-taxable","11":"product-type-simple"},"_links":{"self":[{"href":"https:\/\/www.feman.net\/eng\/index.php?rest_route=\/wp\/v2\/product\/3385","targetHints":{"allow":["GET"]}}],"collection":[{"href":"https:\/\/www.feman.net\/eng\/index.php?rest_route=\/wp\/v2\/product"}],"about":[{"href":"https:\/\/www.feman.net\/eng\/index.php?rest_route=\/wp\/v2\/types\/product"}],"replies":[{"embeddable":true,"href":"https:\/\/www.feman.net\/eng\/index.php?rest_route=%2Fwp%2Fv2%2Fcomments&post=3385"}],"wp:featuredmedia":[{"embeddable":true,"href":"https:\/\/www.feman.net\/eng\/index.php?rest_route=\/wp\/v2\/media\/265832"}],"wp:attachment":[{"href":"https:\/\/www.feman.net\/eng\/index.php?rest_route=%2Fwp%2Fv2%2Fmedia&parent=3385"}],"wp:term":[{"taxonomy":"product_brand","embeddable":true,"href":"https:\/\/www.feman.net\/eng\/index.php?rest_route=%2Fwp%2Fv2%2Fproduct_brand&post=3385"},{"taxonomy":"product_cat","embeddable":true,"href":"https:\/\/www.feman.net\/eng\/index.php?rest_route=%2Fwp%2Fv2%2Fproduct_cat&post=3385"},{"taxonomy":"product_tag","embeddable":true,"href":"https:\/\/www.feman.net\/eng\/index.php?rest_route=%2Fwp%2Fv2%2Fproduct_tag&post=3385"}],"curies":[{"name":"wp","href":"https:\/\/api.w.org\/{rel}","templated":true}]}}