{"id":3388,"date":"2015-04-15T06:39:58","date_gmt":"2015-04-15T06:39:58","guid":{"rendered":"http:\/\/feman.net\/?p=3388"},"modified":"2022-11-23T21:48:32","modified_gmt":"2022-11-23T21:48:32","slug":"monofazni-oklopljeni-osiguraci-2","status":"publish","type":"product","link":"https:\/\/www.feman.net\/eng\/?product=monofazni-oklopljeni-osiguraci-2","title":{"rendered":"MONOFAZNI OKLOPLJENI OSIGURA\u010cI"},"content":{"rendered":"<p><a href=\"http:\/\/www.feman.net\/wp-content\/uploads\/2015\/03\/21-12.png\"><img loading=\"lazy\" decoding=\"async\" class=\"alignnone wp-image-1765\" src=\"http:\/\/www.feman.net\/wp-content\/uploads\/2015\/03\/21-12-272x300.png\" alt=\"MONOFAZNI OKLOPLJENI OSIGURA\u010cI\" width=\"226\" height=\"249\" srcset=\"https:\/\/www.feman.net\/eng\/wp-content\/uploads\/2015\/03\/21-12-272x300.png 272w, https:\/\/www.feman.net\/eng\/wp-content\/uploads\/2015\/03\/21-12-300x331.png 300w, https:\/\/www.feman.net\/eng\/wp-content\/uploads\/2015\/03\/21-12-150x165.png 150w, https:\/\/www.feman.net\/eng\/wp-content\/uploads\/2015\/03\/21-12.png 369w\" sizes=\"(max-width: 226px) 100vw, 226px\" \/><\/a><\/p>\n<p>Koriste se za osiguranje ku\u0107nog priklju\u010dka za monta\u017eu na tavanu ili u mernom ormanu. Isporu\u010duju se po \u017eelji kupca sa kontakt vijcima i topljivim umetcima. Ku\u0107i\u0161te je izra\u0111eno od termoplasti\u010dne mase.<\/p>\n<table style=\"height: 61px; width: 69.4874%;\" width=\"673\">\n<tbody>\n<tr style=\"background-color: #c8e4f7;\">\n<td style=\"text-align: center;\">Kodni broj<\/td>\n<td style=\"text-align: center;\">Tip<\/td>\n<td style=\"text-align: center;\">Za osigura\u010de<\/td>\n<td style=\"text-align: center;\">Du\u017eina mm<\/td>\n<td style=\"text-align: center;\">Pakovanje kom<\/td>\n<td style=\"text-align: center;\">Te\u017eina kg\/100kom<\/td>\n<\/tr>\n<tr>\n<td style=\"text-align: center;\">5100032<\/td>\n<td style=\"text-align: center;\">35 A<\/td>\n<td style=\"text-align: center;\">115<\/td>\n<td style=\"text-align: center;\">85<\/td>\n<td style=\"text-align: center;\">15<\/td>\n<td style=\"text-align: center;\">0,50<\/td>\n<\/tr>\n<tr>\n<td style=\"text-align: center;\">5100034<\/td>\n<td style=\"text-align: center;\">25 A<\/td>\n<td style=\"text-align: center;\">115<\/td>\n<td style=\"text-align: center;\">85<\/td>\n<td style=\"text-align: center;\">15<\/td>\n<td style=\"text-align: center;\">0,45<\/td>\n<\/tr>\n<tr>\n<td style=\"text-align: center;\">5100038<\/td>\n<td style=\"text-align: center;\">16 A<\/td>\n<td style=\"text-align: center;\">115<\/td>\n<td style=\"text-align: center;\">85<\/td>\n<td style=\"text-align: center;\">15<\/td>\n<td style=\"text-align: center;\">0,43<\/td>\n<\/tr>\n<\/tbody>\n<\/table>\n<p>&nbsp;<\/p>\n","protected":false},"excerpt":{"rendered":"<p>Koriste se za osiguranje ku\u0107nog priklju\u010dka za monta\u017eu na tavanu ili u mernom ormanu. Isporu\u010duju se po \u017eelji kupca sa kontakt vijcima i topljivim umetcima. Ku\u0107i\u0161te je izra\u0111eno od termoplasti\u010dne mase. Kodni broj Tip Za osigura\u010de Du\u017eina mm Pakovanje kom Te\u017eina kg\/100kom 5100032 35 A 115 85 15 0,50 5100034 25 A 115 85 15 [&hellip;]<\/p>\n","protected":false},"featured_media":265820,"comment_status":"closed","ping_status":"closed","template":"","meta":[],"product_brand":[],"product_cat":[202],"product_tag":[],"class_list":{"0":"post-3388","1":"product","2":"type-product","3":"status-publish","4":"has-post-thumbnail","6":"product_cat-osiguraci","8":"first","9":"instock","10":"shipping-taxable","11":"product-type-simple"},"_links":{"self":[{"href":"https:\/\/www.feman.net\/eng\/index.php?rest_route=\/wp\/v2\/product\/3388","targetHints":{"allow":["GET"]}}],"collection":[{"href":"https:\/\/www.feman.net\/eng\/index.php?rest_route=\/wp\/v2\/product"}],"about":[{"href":"https:\/\/www.feman.net\/eng\/index.php?rest_route=\/wp\/v2\/types\/product"}],"replies":[{"embeddable":true,"href":"https:\/\/www.feman.net\/eng\/index.php?rest_route=%2Fwp%2Fv2%2Fcomments&post=3388"}],"wp:featuredmedia":[{"embeddable":true,"href":"https:\/\/www.feman.net\/eng\/index.php?rest_route=\/wp\/v2\/media\/265820"}],"wp:attachment":[{"href":"https:\/\/www.feman.net\/eng\/index.php?rest_route=%2Fwp%2Fv2%2Fmedia&parent=3388"}],"wp:term":[{"taxonomy":"product_brand","embeddable":true,"href":"https:\/\/www.feman.net\/eng\/index.php?rest_route=%2Fwp%2Fv2%2Fproduct_brand&post=3388"},{"taxonomy":"product_cat","embeddable":true,"href":"https:\/\/www.feman.net\/eng\/index.php?rest_route=%2Fwp%2Fv2%2Fproduct_cat&post=3388"},{"taxonomy":"product_tag","embeddable":true,"href":"https:\/\/www.feman.net\/eng\/index.php?rest_route=%2Fwp%2Fv2%2Fproduct_tag&post=3388"}],"curies":[{"name":"wp","href":"https:\/\/api.w.org\/{rel}","templated":true}]}}