{"id":3410,"date":"2015-04-15T08:07:38","date_gmt":"2015-04-15T08:07:38","guid":{"rendered":"http:\/\/feman.net\/?p=3410"},"modified":"2022-11-23T21:45:48","modified_gmt":"2022-11-23T21:45:48","slug":"zaptivna-gumica-za-pvc-cevi","status":"publish","type":"product","link":"https:\/\/www.feman.net\/eng\/?product=zaptivna-gumica-za-pvc-cevi","title":{"rendered":"ZAPTIVNA GUMICA ZA PVC CEVI"},"content":{"rendered":"<p><a href=\"http:\/\/www.feman.net\/wp-content\/uploads\/2015\/03\/24-3.png\"><img loading=\"lazy\" decoding=\"async\" class=\"alignnone wp-image-1782 size-medium\" src=\"http:\/\/www.feman.net\/wp-content\/uploads\/2015\/03\/24-3-300x226.png\" alt=\"ZAPTIVNA GUMICA ZA PVC CEVI\" width=\"300\" height=\"226\" srcset=\"https:\/\/www.feman.net\/eng\/wp-content\/uploads\/2015\/03\/24-3-300x226.png 300w, https:\/\/www.feman.net\/eng\/wp-content\/uploads\/2015\/03\/24-3-150x113.png 150w, https:\/\/www.feman.net\/eng\/wp-content\/uploads\/2015\/03\/24-3.png 339w\" sizes=\"(max-width: 300px) 100vw, 300px\" \/><\/a><\/p>\n<p>Montira se u mufu cevi, i slu\u017ei za spajanje dve cevi. Gumica je tako dizajnirana da pravi pritisak na muf i na cev celim svojim obimom \u010dime se spre\u010dava prodor vlage u samu cev. Izra|ena je od vrlo kvalitetnog materijala, odpornog na UV zrake, na starenje, vremenske prilike i veliki broj kiselina.<\/p>\n<table style=\"height: 47px; width: 58.4217%;\" width=\"517\">\n<tbody>\n<tr style=\"background-color: #c8e4f7;\">\n<td style=\"text-align: center;\">Kodni broj<\/td>\n<td style=\"text-align: center;\">Tip<\/td>\n<td style=\"text-align: center;\">Pre\u010dnik cevi mm<\/td>\n<td style=\"text-align: center;\">A mm<\/td>\n<td style=\"text-align: center;\">B mm<\/td>\n<td style=\"text-align: center;\">C mm<\/td>\n<\/tr>\n<tr>\n<td style=\"text-align: center;\">5090118<\/td>\n<td style=\"text-align: center;\">50<\/td>\n<td style=\"text-align: center;\">50<\/td>\n<td style=\"text-align: center;\">&#8211;<\/td>\n<td style=\"text-align: center;\">&#8211;<\/td>\n<td style=\"text-align: center;\">&#8211;<\/td>\n<\/tr>\n<tr>\n<td style=\"text-align: center;\">5090117<\/td>\n<td style=\"text-align: center;\">75<\/td>\n<td style=\"text-align: center;\">75<\/td>\n<td style=\"text-align: center;\">&#8211;<\/td>\n<td style=\"text-align: center;\">&#8211;<\/td>\n<td style=\"text-align: center;\">&#8211;<\/td>\n<\/tr>\n<tr>\n<td style=\"text-align: center;\">5090116<\/td>\n<td style=\"text-align: center;\">110<\/td>\n<td style=\"text-align: center;\">110<\/td>\n<td style=\"text-align: center;\">106<\/td>\n<td style=\"text-align: center;\">121,6<\/td>\n<td style=\"text-align: center;\">8,7<\/td>\n<\/tr>\n<\/tbody>\n<\/table>\n<p>&nbsp;<\/p>\n<p>&nbsp;<\/p>\n","protected":false},"excerpt":{"rendered":"<p>Montira se u mufu cevi, i slu\u017ei za spajanje dve cevi. Gumica je tako dizajnirana da pravi pritisak na muf i na cev celim svojim obimom \u010dime se spre\u010dava prodor vlage u samu cev. Izra|ena je od vrlo kvalitetnog materijala, odpornog na UV zrake, na starenje, vremenske prilike i veliki broj kiselina. Kodni broj Tip [&hellip;]<\/p>\n","protected":false},"featured_media":265792,"comment_status":"closed","ping_status":"closed","template":"","meta":[],"product_brand":[],"product_cat":[199],"product_tag":[],"class_list":{"0":"post-3410","1":"product","2":"type-product","3":"status-publish","4":"has-post-thumbnail","6":"product_cat-cevi","8":"first","9":"instock","10":"shipping-taxable","11":"product-type-simple"},"_links":{"self":[{"href":"https:\/\/www.feman.net\/eng\/index.php?rest_route=\/wp\/v2\/product\/3410","targetHints":{"allow":["GET"]}}],"collection":[{"href":"https:\/\/www.feman.net\/eng\/index.php?rest_route=\/wp\/v2\/product"}],"about":[{"href":"https:\/\/www.feman.net\/eng\/index.php?rest_route=\/wp\/v2\/types\/product"}],"replies":[{"embeddable":true,"href":"https:\/\/www.feman.net\/eng\/index.php?rest_route=%2Fwp%2Fv2%2Fcomments&post=3410"}],"wp:featuredmedia":[{"embeddable":true,"href":"https:\/\/www.feman.net\/eng\/index.php?rest_route=\/wp\/v2\/media\/265792"}],"wp:attachment":[{"href":"https:\/\/www.feman.net\/eng\/index.php?rest_route=%2Fwp%2Fv2%2Fmedia&parent=3410"}],"wp:term":[{"taxonomy":"product_brand","embeddable":true,"href":"https:\/\/www.feman.net\/eng\/index.php?rest_route=%2Fwp%2Fv2%2Fproduct_brand&post=3410"},{"taxonomy":"product_cat","embeddable":true,"href":"https:\/\/www.feman.net\/eng\/index.php?rest_route=%2Fwp%2Fv2%2Fproduct_cat&post=3410"},{"taxonomy":"product_tag","embeddable":true,"href":"https:\/\/www.feman.net\/eng\/index.php?rest_route=%2Fwp%2Fv2%2Fproduct_tag&post=3410"}],"curies":[{"name":"wp","href":"https:\/\/api.w.org\/{rel}","templated":true}]}}