{"id":3416,"date":"2015-04-15T08:22:41","date_gmt":"2015-04-15T08:22:41","guid":{"rendered":"http:\/\/feman.net\/?p=3416"},"modified":"2022-03-19T12:58:50","modified_gmt":"2022-03-19T12:58:50","slug":"cepovi-za-pvc-cevi","status":"publish","type":"product","link":"https:\/\/www.feman.net\/eng\/?product=cepovi-za-pvc-cevi","title":{"rendered":"\u010cEPOVI ZA PVC CEVI"},"content":{"rendered":"<p>&nbsp;<\/p>\n<p>Koriste se za spre\u010davanje prodora vlage i ne\u017eeljenih tela u samu cev.<\/p>\n<table style=\"height: 221px;\" width=\"542\">\n<tbody>\n<tr>\n<td>Kodni broj<\/td>\n<td>Tip<\/td>\n<td>Boja<\/td>\n<td>A mm<\/td>\n<td>B mm<\/td>\n<td>C mm<\/td>\n<\/tr>\n<tr>\n<td>5090156<\/td>\n<td>TK-mu\u0161ki<\/td>\n<td>\u017euta<\/td>\n<td>110<\/td>\n<td>&#8211;<\/td>\n<td>58<\/td>\n<\/tr>\n<tr>\n<td>5090157<\/td>\n<td>TK-\u017eenski<\/td>\n<td>\u017euta<\/td>\n<td>&#8211;<\/td>\n<td>110,5<\/td>\n<td>58<\/td>\n<\/tr>\n<tr>\n<td>5090158<\/td>\n<td>EN-mu\u0161ki<\/td>\n<td>oran\u017e<\/td>\n<td>110<\/td>\n<td>&#8211;<\/td>\n<td>58<\/td>\n<\/tr>\n<tr>\n<td>5090159<\/td>\n<td>EN-\u017eenski<\/td>\n<td>oran\u017e<\/td>\n<td>&#8211;<\/td>\n<td>110,5<\/td>\n<td>58<\/td>\n<\/tr>\n<\/tbody>\n<\/table>\n<p>&nbsp;<\/p>\n<p><a href=\"http:\/\/www.feman.net\/wp-content\/uploads\/2015\/03\/25-11.png\"><img loading=\"lazy\" decoding=\"async\" class=\"alignnone wp-image-1786\" src=\"http:\/\/www.feman.net\/wp-content\/uploads\/2015\/03\/25-11-300x170.png\" alt=\"\u010cEPOVI ZA PVC CEVI\" width=\"259\" height=\"147\" srcset=\"https:\/\/www.feman.net\/eng\/wp-content\/uploads\/2015\/03\/25-11-300x170.png 300w, https:\/\/www.feman.net\/eng\/wp-content\/uploads\/2015\/03\/25-11-150x85.png 150w, https:\/\/www.feman.net\/eng\/wp-content\/uploads\/2015\/03\/25-11.png 374w\" sizes=\"(max-width: 259px) 100vw, 259px\" \/><\/a><a href=\"http:\/\/www.feman.net\/wp-content\/uploads\/2015\/03\/25-21.png\"><img loading=\"lazy\" decoding=\"async\" class=\"alignnone wp-image-1787 size-thumbnail\" src=\"http:\/\/www.feman.net\/wp-content\/uploads\/2015\/03\/25-21-150x150.png\" alt=\"\u010cEPOVI ZA PVC CEVI\" width=\"150\" height=\"150\" srcset=\"https:\/\/www.feman.net\/eng\/wp-content\/uploads\/2015\/03\/25-21-150x150.png 150w, https:\/\/www.feman.net\/eng\/wp-content\/uploads\/2015\/03\/25-21-100x100.png 100w\" sizes=\"(max-width: 150px) 100vw, 150px\" \/><\/a><\/p>\n","protected":false},"excerpt":{"rendered":"<p>&nbsp; Koriste se za spre\u010davanje prodora vlage i ne\u017eeljenih tela u samu cev. Kodni broj Tip Boja A mm B mm C mm 5090156 TK-mu\u0161ki \u017euta 110 &#8211; 58 5090157 TK-\u017eenski \u017euta &#8211; 110,5 58 5090158 EN-mu\u0161ki oran\u017e 110 &#8211; 58 5090159 EN-\u017eenski oran\u017e &#8211; 110,5 58 &nbsp;<\/p>\n","protected":false},"featured_media":265773,"comment_status":"closed","ping_status":"closed","template":"","meta":[],"product_brand":[],"product_cat":[199],"product_tag":[],"class_list":{"0":"post-3416","1":"product","2":"type-product","3":"status-publish","4":"has-post-thumbnail","6":"product_cat-cevi","8":"first","9":"instock","10":"shipping-taxable","11":"product-type-simple"},"_links":{"self":[{"href":"https:\/\/www.feman.net\/eng\/index.php?rest_route=\/wp\/v2\/product\/3416","targetHints":{"allow":["GET"]}}],"collection":[{"href":"https:\/\/www.feman.net\/eng\/index.php?rest_route=\/wp\/v2\/product"}],"about":[{"href":"https:\/\/www.feman.net\/eng\/index.php?rest_route=\/wp\/v2\/types\/product"}],"replies":[{"embeddable":true,"href":"https:\/\/www.feman.net\/eng\/index.php?rest_route=%2Fwp%2Fv2%2Fcomments&post=3416"}],"wp:featuredmedia":[{"embeddable":true,"href":"https:\/\/www.feman.net\/eng\/index.php?rest_route=\/wp\/v2\/media\/265773"}],"wp:attachment":[{"href":"https:\/\/www.feman.net\/eng\/index.php?rest_route=%2Fwp%2Fv2%2Fmedia&parent=3416"}],"wp:term":[{"taxonomy":"product_brand","embeddable":true,"href":"https:\/\/www.feman.net\/eng\/index.php?rest_route=%2Fwp%2Fv2%2Fproduct_brand&post=3416"},{"taxonomy":"product_cat","embeddable":true,"href":"https:\/\/www.feman.net\/eng\/index.php?rest_route=%2Fwp%2Fv2%2Fproduct_cat&post=3416"},{"taxonomy":"product_tag","embeddable":true,"href":"https:\/\/www.feman.net\/eng\/index.php?rest_route=%2Fwp%2Fv2%2Fproduct_tag&post=3416"}],"curies":[{"name":"wp","href":"https:\/\/api.w.org\/{rel}","templated":true}]}}