{"id":3419,"date":"2015-04-15T08:29:34","date_gmt":"2015-04-15T08:29:34","guid":{"rendered":"http:\/\/feman.net\/?p=3419"},"modified":"2022-11-23T21:43:32","modified_gmt":"2022-11-23T21:43:32","slug":"uvodnik-pvc-cevi","status":"publish","type":"product","link":"https:\/\/www.feman.net\/eng\/?product=uvodnik-pvc-cevi","title":{"rendered":"UVODNIK PVC CEVI"},"content":{"rendered":"<p><a href=\"http:\/\/www.feman.net\/wp-content\/uploads\/2015\/03\/25-3.png\"><img loading=\"lazy\" decoding=\"async\" class=\"alignnone wp-image-1788 \" src=\"http:\/\/www.feman.net\/wp-content\/uploads\/2015\/03\/25-3-300x117.png\" alt=\"UVODNIK PVC CEVI\" width=\"262\" height=\"102\" srcset=\"https:\/\/www.feman.net\/eng\/wp-content\/uploads\/2015\/03\/25-3-300x117.png 300w, https:\/\/www.feman.net\/eng\/wp-content\/uploads\/2015\/03\/25-3-150x58.png 150w, https:\/\/www.feman.net\/eng\/wp-content\/uploads\/2015\/03\/25-3.png 533w\" sizes=\"(max-width: 262px) 100vw, 262px\" \/><\/a><\/p>\n<p>Koriste se kao uvodnik kablova u kablovskim \u0161ahtama ili kao uvodnik kablova u postrojenjima.<\/p>\n<table style=\"height: 69px; width: 50.8017%;\" width=\"568\">\n<tbody>\n<tr style=\"height: 23px; background-color: #c8e4f7;\">\n<td style=\"text-align: center; width: 22.7513%; height: 23px;\">Kodni broj<\/td>\n<td style=\"text-align: center; width: 7.58377%; height: 23px;\">Tip<\/td>\n<td style=\"text-align: center; width: 13.0511%; height: 23px;\">Boja<\/td>\n<td style=\"text-align: center; width: 13.5802%; height: 23px;\">A mm<\/td>\n<td style=\"text-align: center; width: 13.5802%; height: 23px;\">B mm<\/td>\n<td style=\"text-align: center; width: 13.5802%; height: 23px;\">C mm<\/td>\n<td style=\"text-align: center; width: 13.0511%; height: 23px;\">L mm<\/td>\n<\/tr>\n<tr style=\"height: 23px;\">\n<td style=\"text-align: center; width: 22.7513%; height: 23px;\">5090155<\/td>\n<td style=\"text-align: center; width: 7.58377%; height: 23px;\">TK<\/td>\n<td style=\"text-align: center; width: 13.0511%; height: 23px;\">\u017euta<\/td>\n<td style=\"text-align: center; width: 13.5802%; height: 23px;\">110<\/td>\n<td style=\"text-align: center; width: 13.5802%; height: 23px;\">91<\/td>\n<td style=\"text-align: center; width: 13.5802%; height: 23px;\">3,2<\/td>\n<td style=\"text-align: center; width: 13.0511%; height: 23px;\">600<\/td>\n<\/tr>\n<tr style=\"height: 23px;\">\n<td style=\"text-align: center; width: 22.7513%; height: 23px;\">5090154<\/td>\n<td style=\"text-align: center; width: 7.58377%; height: 23px;\">EN<\/td>\n<td style=\"text-align: center; width: 13.0511%; height: 23px;\">oran\u017e<\/td>\n<td style=\"text-align: center; width: 13.5802%; height: 23px;\">110<\/td>\n<td style=\"text-align: center; width: 13.5802%; height: 23px;\">91<\/td>\n<td style=\"text-align: center; width: 13.5802%; height: 23px;\">3,2<\/td>\n<td style=\"text-align: center; width: 13.0511%; height: 23px;\">600<\/td>\n<\/tr>\n<\/tbody>\n<\/table>\n<p>&nbsp;<\/p>\n<p>&nbsp;<\/p>\n<p>&nbsp;<\/p>\n<p><a href=\"http:\/\/www.feman.net\/wp-content\/uploads\/2015\/03\/25-4.png\"><img loading=\"lazy\" decoding=\"async\" class=\"alignnone wp-image-1789 size-medium\" src=\"http:\/\/www.feman.net\/wp-content\/uploads\/2015\/03\/25-4-300x155.png\" alt=\"UVODNIK PVC CEVI\" width=\"300\" height=\"155\" srcset=\"https:\/\/www.feman.net\/eng\/wp-content\/uploads\/2015\/03\/25-4-300x155.png 300w, https:\/\/www.feman.net\/eng\/wp-content\/uploads\/2015\/03\/25-4-150x78.png 150w, https:\/\/www.feman.net\/eng\/wp-content\/uploads\/2015\/03\/25-4.png 444w\" sizes=\"(max-width: 300px) 100vw, 300px\" \/><\/a><\/p>\n","protected":false},"excerpt":{"rendered":"<p>Koriste se kao uvodnik kablova u kablovskim \u0161ahtama ili kao uvodnik kablova u postrojenjima. Kodni broj Tip Boja A mm B mm C mm L mm 5090155 TK \u017euta 110 91 3,2 600 5090154 EN oran\u017e 110 91 3,2 600 &nbsp; &nbsp; &nbsp;<\/p>\n","protected":false},"featured_media":265790,"comment_status":"closed","ping_status":"closed","template":"","meta":[],"product_brand":[],"product_cat":[199],"product_tag":[],"class_list":{"0":"post-3419","1":"product","2":"type-product","3":"status-publish","4":"has-post-thumbnail","6":"product_cat-cevi","8":"first","9":"instock","10":"shipping-taxable","11":"product-type-simple"},"_links":{"self":[{"href":"https:\/\/www.feman.net\/eng\/index.php?rest_route=\/wp\/v2\/product\/3419","targetHints":{"allow":["GET"]}}],"collection":[{"href":"https:\/\/www.feman.net\/eng\/index.php?rest_route=\/wp\/v2\/product"}],"about":[{"href":"https:\/\/www.feman.net\/eng\/index.php?rest_route=\/wp\/v2\/types\/product"}],"replies":[{"embeddable":true,"href":"https:\/\/www.feman.net\/eng\/index.php?rest_route=%2Fwp%2Fv2%2Fcomments&post=3419"}],"wp:featuredmedia":[{"embeddable":true,"href":"https:\/\/www.feman.net\/eng\/index.php?rest_route=\/wp\/v2\/media\/265790"}],"wp:attachment":[{"href":"https:\/\/www.feman.net\/eng\/index.php?rest_route=%2Fwp%2Fv2%2Fmedia&parent=3419"}],"wp:term":[{"taxonomy":"product_brand","embeddable":true,"href":"https:\/\/www.feman.net\/eng\/index.php?rest_route=%2Fwp%2Fv2%2Fproduct_brand&post=3419"},{"taxonomy":"product_cat","embeddable":true,"href":"https:\/\/www.feman.net\/eng\/index.php?rest_route=%2Fwp%2Fv2%2Fproduct_cat&post=3419"},{"taxonomy":"product_tag","embeddable":true,"href":"https:\/\/www.feman.net\/eng\/index.php?rest_route=%2Fwp%2Fv2%2Fproduct_tag&post=3419"}],"curies":[{"name":"wp","href":"https:\/\/api.w.org\/{rel}","templated":true}]}}