{"id":3423,"date":"2015-04-15T08:36:53","date_gmt":"2015-04-15T08:36:53","guid":{"rendered":"http:\/\/feman.net\/?p=3423"},"modified":"2022-11-23T22:03:00","modified_gmt":"2022-11-23T22:03:00","slug":"pozor-traka","status":"publish","type":"product","link":"https:\/\/www.feman.net\/eng\/?product=pozor-traka","title":{"rendered":"POZOR TRAKA"},"content":{"rendered":"<p><a href=\"http:\/\/www.feman.net\/wp-content\/uploads\/2015\/03\/25-8.png\"><img loading=\"lazy\" decoding=\"async\" class=\"alignnone wp-image-1793 size-medium\" src=\"http:\/\/www.feman.net\/wp-content\/uploads\/2015\/03\/25-8-300x148.png\" alt=\"POZOR TRAKA\" width=\"300\" height=\"148\" srcset=\"https:\/\/www.feman.net\/eng\/wp-content\/uploads\/2015\/03\/25-8-300x148.png 300w, https:\/\/www.feman.net\/eng\/wp-content\/uploads\/2015\/03\/25-8-600x297.png 600w, https:\/\/www.feman.net\/eng\/wp-content\/uploads\/2015\/03\/25-8-150x74.png 150w, https:\/\/www.feman.net\/eng\/wp-content\/uploads\/2015\/03\/25-8.png 673w\" sizes=\"(max-width: 300px) 100vw, 300px\" \/> \u00a0 \u00a0 \u00a0 \u00a0 \u00a0 \u00a0 \u00a0 \u00a0 \u00a0 \u00a0 \u00a0 <\/a><a href=\"http:\/\/www.feman.net\/wp-content\/uploads\/2015\/03\/25-7.png\"><img loading=\"lazy\" decoding=\"async\" class=\"alignnone wp-image-1792 size-medium\" src=\"http:\/\/www.feman.net\/wp-content\/uploads\/2015\/03\/25-7-300x103.png\" alt=\"25-7\" width=\"300\" height=\"103\" srcset=\"https:\/\/www.feman.net\/eng\/wp-content\/uploads\/2015\/03\/25-7-300x103.png 300w, https:\/\/www.feman.net\/eng\/wp-content\/uploads\/2015\/03\/25-7-600x207.png 600w, https:\/\/www.feman.net\/eng\/wp-content\/uploads\/2015\/03\/25-7-150x52.png 150w, https:\/\/www.feman.net\/eng\/wp-content\/uploads\/2015\/03\/25-7.png 661w\" sizes=\"(max-width: 300px) 100vw, 300px\" \/><\/a><\/p>\n<p>Koriste se za za\u0161titu kablova polo\u017eenih u zemlji. Standardna \u0161irina trake je 120 mm, debljina 0,10 mm, a standardna pakovanja trake su od 5 i 10 kg. Rade se u \u017eutoj (PTT) i crvenoj boji (EN)<\/p>\n<table style=\"height: 94px; width: 62.7966%;\" width=\"585\">\n<tbody>\n<tr style=\"background-color: #c8e4f7;\">\n<td style=\"text-align: center;\">Kodni broj<\/td>\n<td style=\"text-align: center;\">Tip<\/td>\n<td style=\"text-align: center;\">Boja<\/td>\n<td style=\"text-align: center;\">A mm<\/td>\n<\/tr>\n<tr>\n<td style=\"text-align: center;\">4703070<\/td>\n<td style=\"text-align: center;\">TK<\/td>\n<td style=\"text-align: center;\">\u017euta<\/td>\n<td style=\"text-align: center;\">100<\/td>\n<\/tr>\n<tr>\n<td style=\"text-align: center;\">4703072<\/td>\n<td style=\"text-align: center;\">EN<\/td>\n<td style=\"text-align: center;\">oran\u017e<\/td>\n<td style=\"text-align: center;\">100<\/td>\n<\/tr>\n<\/tbody>\n<\/table>\n<p>&nbsp;<\/p>\n<p>&nbsp;<\/p>\n<p>&nbsp;<\/p>\n","protected":false},"excerpt":{"rendered":"<p>\u00a0 \u00a0 \u00a0 \u00a0 \u00a0 \u00a0 \u00a0 \u00a0 \u00a0 \u00a0 \u00a0 Koriste se za za\u0161titu kablova polo\u017eenih u zemlji. Standardna \u0161irina trake je 120 mm, debljina 0,10 mm, a standardna pakovanja trake su od 5 i 10 kg. Rade se u \u017eutoj (PTT) i crvenoj boji (EN) Kodni broj Tip Boja A mm 4703070 TK [&hellip;]<\/p>\n","protected":false},"featured_media":0,"comment_status":"closed","ping_status":"closed","template":"","meta":[],"product_brand":[],"product_cat":[203],"product_tag":[],"class_list":{"0":"post-3423","1":"product","2":"type-product","3":"status-publish","5":"product_cat-instalacioni-pribor-ostalo","7":"first","8":"instock","9":"shipping-taxable","10":"product-type-simple"},"_links":{"self":[{"href":"https:\/\/www.feman.net\/eng\/index.php?rest_route=\/wp\/v2\/product\/3423","targetHints":{"allow":["GET"]}}],"collection":[{"href":"https:\/\/www.feman.net\/eng\/index.php?rest_route=\/wp\/v2\/product"}],"about":[{"href":"https:\/\/www.feman.net\/eng\/index.php?rest_route=\/wp\/v2\/types\/product"}],"replies":[{"embeddable":true,"href":"https:\/\/www.feman.net\/eng\/index.php?rest_route=%2Fwp%2Fv2%2Fcomments&post=3423"}],"wp:attachment":[{"href":"https:\/\/www.feman.net\/eng\/index.php?rest_route=%2Fwp%2Fv2%2Fmedia&parent=3423"}],"wp:term":[{"taxonomy":"product_brand","embeddable":true,"href":"https:\/\/www.feman.net\/eng\/index.php?rest_route=%2Fwp%2Fv2%2Fproduct_brand&post=3423"},{"taxonomy":"product_cat","embeddable":true,"href":"https:\/\/www.feman.net\/eng\/index.php?rest_route=%2Fwp%2Fv2%2Fproduct_cat&post=3423"},{"taxonomy":"product_tag","embeddable":true,"href":"https:\/\/www.feman.net\/eng\/index.php?rest_route=%2Fwp%2Fv2%2Fproduct_tag&post=3423"}],"curies":[{"name":"wp","href":"https:\/\/api.w.org\/{rel}","templated":true}]}}