{"id":3425,"date":"2015-04-15T08:41:06","date_gmt":"2015-04-15T08:41:06","guid":{"rendered":"http:\/\/feman.net\/?p=3425"},"modified":"2022-11-23T21:35:07","modified_gmt":"2022-11-23T21:35:07","slug":"resetkasti-kanal","status":"publish","type":"product","link":"https:\/\/www.feman.net\/eng\/?product=resetkasti-kanal","title":{"rendered":"RE\u0160ETKASTI KANAL"},"content":{"rendered":"<p><a href=\"http:\/\/www.feman.net\/wp-content\/uploads\/2015\/03\/26-11.png\"><img loading=\"lazy\" decoding=\"async\" class=\"alignnone wp-image-1794 size-medium\" src=\"http:\/\/www.feman.net\/wp-content\/uploads\/2015\/03\/26-11-300x192.png\" alt=\"RE\u0160ETKASTI KANAL\" width=\"300\" height=\"192\" srcset=\"https:\/\/www.feman.net\/eng\/wp-content\/uploads\/2015\/03\/26-11-300x192.png 300w, https:\/\/www.feman.net\/eng\/wp-content\/uploads\/2015\/03\/26-11-600x385.png 600w, https:\/\/www.feman.net\/eng\/wp-content\/uploads\/2015\/03\/26-11-150x96.png 150w, https:\/\/www.feman.net\/eng\/wp-content\/uploads\/2015\/03\/26-11.png 736w\" sizes=\"(max-width: 300px) 100vw, 300px\" \/><\/a><\/p>\n<p style=\"text-align: justify;\">Koristi se za razvod-polaganje kablova u sredinama gde je neophodno za\u0161tititi kabl od mehani\u010dkih i atmosferskih uticaja. Izra\u0111uje se od visokokvalitetnog pocinkovanog lima. Otvori na kanalu omogu\u0107uju dobro hla\u0111enje kabla u eksploataciji i slu\u017ee za spajanje i povezivanje nosa\u010da i spojnica. Povezivanjem vi\u0161e ovakvih elemenata formira se &#8220;regalski put&#8221;. <strong>Napomena: <\/strong>Na zahtev kupca radimo i dodatnu za\u0161titu kanala farbanjem- plastifikacijom.<\/p>\n<table style=\"height: 218px;\" width=\"726\">\n<tbody>\n<tr style=\"background-color: #c8e4f7;\">\n<td style=\"text-align: center;\">Kodni broj<\/td>\n<td style=\"text-align: center;\">Tip<\/td>\n<td style=\"text-align: center;\">Visina mm<\/td>\n<td style=\"text-align: center;\">\u0160irina mm<\/td>\n<td style=\"text-align: center;\">Du\u017eina mm<\/td>\n<td style=\"text-align: center;\">Te\u017eina kg\/kom<\/td>\n<td style=\"text-align: center;\">Debljina mm<\/td>\n<\/tr>\n<tr>\n<td style=\"text-align: center;\">5000301<\/td>\n<td style=\"text-align: center;\">FRK 100<\/td>\n<td style=\"text-align: center;\">60<\/td>\n<td style=\"text-align: center;\">100<\/td>\n<td style=\"text-align: center;\">2000<\/td>\n<td style=\"text-align: center;\">2,30<\/td>\n<td style=\"text-align: center;\">0,70<\/td>\n<\/tr>\n<tr>\n<td style=\"text-align: center;\">5000302<\/td>\n<td style=\"text-align: center;\">FRK 200<\/td>\n<td style=\"text-align: center;\">60<\/td>\n<td style=\"text-align: center;\">200<\/td>\n<td style=\"text-align: center;\">2000<\/td>\n<td style=\"text-align: center;\">3,70<\/td>\n<td style=\"text-align: center;\">0,80<\/td>\n<\/tr>\n<tr>\n<td style=\"text-align: center;\">5000303<\/td>\n<td style=\"text-align: center;\">FRK 300<\/td>\n<td style=\"text-align: center;\">60<\/td>\n<td style=\"text-align: center;\">300<\/td>\n<td style=\"text-align: center;\">2000<\/td>\n<td style=\"text-align: center;\">6,50<\/td>\n<td style=\"text-align: center;\">1<\/td>\n<\/tr>\n<tr>\n<td style=\"text-align: center;\">5000304<\/td>\n<td style=\"text-align: center;\">FRK 400<\/td>\n<td style=\"text-align: center;\">60<\/td>\n<td style=\"text-align: center;\">400<\/td>\n<td style=\"text-align: center;\">2000<\/td>\n<td style=\"text-align: center;\">7,10<\/td>\n<td style=\"text-align: center;\">1<\/td>\n<\/tr>\n<\/tbody>\n<\/table>\n<p>&nbsp;<\/p>\n<p>&nbsp;<\/p>\n","protected":false},"excerpt":{"rendered":"<p>Koristi se za razvod-polaganje kablova u sredinama gde je neophodno za\u0161tititi kabl od mehani\u010dkih i atmosferskih uticaja. Izra\u0111uje se od visokokvalitetnog pocinkovanog lima. Otvori na kanalu omogu\u0107uju dobro hla\u0111enje kabla u eksploataciji i slu\u017ee za spajanje i povezivanje nosa\u010da i spojnica. Povezivanjem vi\u0161e ovakvih elemenata formira se &#8220;regalski put&#8221;. Napomena: Na zahtev kupca radimo i [&hellip;]<\/p>\n","protected":false},"featured_media":265759,"comment_status":"closed","ping_status":"closed","template":"","meta":[],"product_brand":[],"product_cat":[200],"product_tag":[],"class_list":{"0":"post-3425","1":"product","2":"type-product","3":"status-publish","4":"has-post-thumbnail","6":"product_cat-kanali","8":"first","9":"instock","10":"shipping-taxable","11":"product-type-simple"},"_links":{"self":[{"href":"https:\/\/www.feman.net\/eng\/index.php?rest_route=\/wp\/v2\/product\/3425","targetHints":{"allow":["GET"]}}],"collection":[{"href":"https:\/\/www.feman.net\/eng\/index.php?rest_route=\/wp\/v2\/product"}],"about":[{"href":"https:\/\/www.feman.net\/eng\/index.php?rest_route=\/wp\/v2\/types\/product"}],"replies":[{"embeddable":true,"href":"https:\/\/www.feman.net\/eng\/index.php?rest_route=%2Fwp%2Fv2%2Fcomments&post=3425"}],"wp:featuredmedia":[{"embeddable":true,"href":"https:\/\/www.feman.net\/eng\/index.php?rest_route=\/wp\/v2\/media\/265759"}],"wp:attachment":[{"href":"https:\/\/www.feman.net\/eng\/index.php?rest_route=%2Fwp%2Fv2%2Fmedia&parent=3425"}],"wp:term":[{"taxonomy":"product_brand","embeddable":true,"href":"https:\/\/www.feman.net\/eng\/index.php?rest_route=%2Fwp%2Fv2%2Fproduct_brand&post=3425"},{"taxonomy":"product_cat","embeddable":true,"href":"https:\/\/www.feman.net\/eng\/index.php?rest_route=%2Fwp%2Fv2%2Fproduct_cat&post=3425"},{"taxonomy":"product_tag","embeddable":true,"href":"https:\/\/www.feman.net\/eng\/index.php?rest_route=%2Fwp%2Fv2%2Fproduct_tag&post=3425"}],"curies":[{"name":"wp","href":"https:\/\/api.w.org\/{rel}","templated":true}]}}