{"id":3427,"date":"2015-04-15T08:44:29","date_gmt":"2015-04-15T08:44:29","guid":{"rendered":"http:\/\/feman.net\/?p=3427"},"modified":"2022-11-23T21:30:14","modified_gmt":"2022-11-23T21:30:14","slug":"poklopac-za-resetkasti-kanal","status":"publish","type":"product","link":"https:\/\/www.feman.net\/eng\/?product=poklopac-za-resetkasti-kanal","title":{"rendered":"POKLOPAC ZA RE\u0160ETKASTI KANAL"},"content":{"rendered":"<p><a href=\"http:\/\/www.feman.net\/wp-content\/uploads\/2015\/03\/26-3.png\"><img loading=\"lazy\" decoding=\"async\" class=\"alignnone wp-image-1796 \" src=\"http:\/\/www.feman.net\/wp-content\/uploads\/2015\/03\/26-3-300x201.png\" alt=\"POKLOPAC ZA RE\u0160ETKASTI KANAL\" width=\"254\" height=\"170\" srcset=\"https:\/\/www.feman.net\/eng\/wp-content\/uploads\/2015\/03\/26-3-300x201.png 300w, https:\/\/www.feman.net\/eng\/wp-content\/uploads\/2015\/03\/26-3-447x300.png 447w, https:\/\/www.feman.net\/eng\/wp-content\/uploads\/2015\/03\/26-3-150x101.png 150w, https:\/\/www.feman.net\/eng\/wp-content\/uploads\/2015\/03\/26-3.png 487w\" sizes=\"(max-width: 254px) 100vw, 254px\" \/><\/a><\/p>\n<p>Koristi se za pokrivanje re\u0161etkastog kanala \u010dime se ostvaruje potpuna za\u0161tita od mehani\u010dkog i atmosferskog uticaja. Izra\u0111uje se od visokokvalitetnog pocinkovanog lima.<\/p>\n<table style=\"height: 235px;\" width=\"760\">\n<tbody>\n<tr style=\"background-color: #c8e4f7;\">\n<td style=\"text-align: center;\">Kodni broj<\/td>\n<td style=\"text-align: center;\">Tip<\/td>\n<td style=\"text-align: center;\">Visina mm<\/td>\n<td style=\"text-align: center;\">\u0160irina mm<\/td>\n<td style=\"text-align: center;\">Du\u017eina mm<\/td>\n<td style=\"text-align: center;\">Te\u017eina kg\/kom<\/td>\n<td style=\"text-align: center;\">Debljina mm<\/td>\n<\/tr>\n<tr>\n<td style=\"text-align: center;\">5000311<\/td>\n<td style=\"text-align: center;\">FRK 100-P<\/td>\n<td style=\"text-align: center;\">16<\/td>\n<td style=\"text-align: center;\">102<\/td>\n<td style=\"text-align: center;\">95<\/td>\n<td style=\"text-align: center;\">0,11<\/td>\n<td style=\"text-align: center;\">0,70<\/td>\n<\/tr>\n<tr>\n<td style=\"text-align: center;\">5000312<\/td>\n<td style=\"text-align: center;\">FRK 200-P<\/td>\n<td style=\"text-align: center;\">16<\/td>\n<td style=\"text-align: center;\">202<\/td>\n<td style=\"text-align: center;\">100<\/td>\n<td style=\"text-align: center;\">0,25<\/td>\n<td style=\"text-align: center;\">0,70<\/td>\n<\/tr>\n<tr>\n<td style=\"text-align: center;\">5000313<\/td>\n<td style=\"text-align: center;\">FRK 300-P<\/td>\n<td style=\"text-align: center;\">16<\/td>\n<td style=\"text-align: center;\">302<\/td>\n<td style=\"text-align: center;\">140<\/td>\n<td style=\"text-align: center;\">0,30<\/td>\n<td style=\"text-align: center;\">0,80<\/td>\n<\/tr>\n<tr>\n<td style=\"text-align: center;\">5000314<\/td>\n<td style=\"text-align: center;\">FRK 400-P<\/td>\n<td style=\"text-align: center;\">16<\/td>\n<td style=\"text-align: center;\">402<\/td>\n<td style=\"text-align: center;\">200<\/td>\n<td style=\"text-align: center;\">0,77<\/td>\n<td style=\"text-align: center;\">0,80<\/td>\n<\/tr>\n<\/tbody>\n<\/table>\n<p>&nbsp;<\/p>\n<p>&nbsp;<\/p>\n","protected":false},"excerpt":{"rendered":"<p>Koristi se za pokrivanje re\u0161etkastog kanala \u010dime se ostvaruje potpuna za\u0161tita od mehani\u010dkog i atmosferskog uticaja. Izra\u0111uje se od visokokvalitetnog pocinkovanog lima. Kodni broj Tip Visina mm \u0160irina mm Du\u017eina mm Te\u017eina kg\/kom Debljina mm 5000311 FRK 100-P 16 102 95 0,11 0,70 5000312 FRK 200-P 16 202 100 0,25 0,70 5000313 FRK 300-P 16 [&hellip;]<\/p>\n","protected":false},"featured_media":265753,"comment_status":"closed","ping_status":"closed","template":"","meta":[],"product_brand":[],"product_cat":[200],"product_tag":[],"class_list":{"0":"post-3427","1":"product","2":"type-product","3":"status-publish","4":"has-post-thumbnail","6":"product_cat-kanali","8":"first","9":"instock","10":"shipping-taxable","11":"product-type-simple"},"_links":{"self":[{"href":"https:\/\/www.feman.net\/eng\/index.php?rest_route=\/wp\/v2\/product\/3427","targetHints":{"allow":["GET"]}}],"collection":[{"href":"https:\/\/www.feman.net\/eng\/index.php?rest_route=\/wp\/v2\/product"}],"about":[{"href":"https:\/\/www.feman.net\/eng\/index.php?rest_route=\/wp\/v2\/types\/product"}],"replies":[{"embeddable":true,"href":"https:\/\/www.feman.net\/eng\/index.php?rest_route=%2Fwp%2Fv2%2Fcomments&post=3427"}],"wp:featuredmedia":[{"embeddable":true,"href":"https:\/\/www.feman.net\/eng\/index.php?rest_route=\/wp\/v2\/media\/265753"}],"wp:attachment":[{"href":"https:\/\/www.feman.net\/eng\/index.php?rest_route=%2Fwp%2Fv2%2Fmedia&parent=3427"}],"wp:term":[{"taxonomy":"product_brand","embeddable":true,"href":"https:\/\/www.feman.net\/eng\/index.php?rest_route=%2Fwp%2Fv2%2Fproduct_brand&post=3427"},{"taxonomy":"product_cat","embeddable":true,"href":"https:\/\/www.feman.net\/eng\/index.php?rest_route=%2Fwp%2Fv2%2Fproduct_cat&post=3427"},{"taxonomy":"product_tag","embeddable":true,"href":"https:\/\/www.feman.net\/eng\/index.php?rest_route=%2Fwp%2Fv2%2Fproduct_tag&post=3427"}],"curies":[{"name":"wp","href":"https:\/\/api.w.org\/{rel}","templated":true}]}}