{"id":3429,"date":"2015-04-15T09:10:18","date_gmt":"2015-04-15T09:10:18","guid":{"rendered":"http:\/\/feman.net\/?p=3429"},"modified":"2022-11-23T21:29:02","modified_gmt":"2022-11-23T21:29:02","slug":"nosac-za-resetkasti-kanal","status":"publish","type":"product","link":"https:\/\/www.feman.net\/eng\/?product=nosac-za-resetkasti-kanal","title":{"rendered":"NOSA\u010c ZA RE\u0160ETKASTI KANAL"},"content":{"rendered":"<p><a href=\"http:\/\/www.feman.net\/wp-content\/uploads\/2015\/03\/26-4.png\"><img loading=\"lazy\" decoding=\"async\" class=\"alignnone wp-image-1797 size-medium\" src=\"http:\/\/www.feman.net\/wp-content\/uploads\/2015\/03\/26-4-300x81.png\" alt=\"NOSA\u010c ZA RE\u0160ETKASTI KANAL\" width=\"300\" height=\"81\" srcset=\"https:\/\/www.feman.net\/eng\/wp-content\/uploads\/2015\/03\/26-4-300x81.png 300w, https:\/\/www.feman.net\/eng\/wp-content\/uploads\/2015\/03\/26-4-150x40.png 150w, https:\/\/www.feman.net\/eng\/wp-content\/uploads\/2015\/03\/26-4.png 591w\" sizes=\"(max-width: 300px) 100vw, 300px\" \/><\/a><\/p>\n<p>Slu\u017ei za postavljanje-fiksiranje re\u0161etkastog kanala na svim vertikalnim podlogama. Izra\u0111uje se od visokokvalitetnog pocinkovanog lima.<\/p>\n<table style=\"height: 211px;\" width=\"715\">\n<tbody>\n<tr style=\"background-color: #c8e4f7;\">\n<td style=\"text-align: center;\">Kodni broj<\/td>\n<td style=\"text-align: center;\">Tip<\/td>\n<td style=\"text-align: center;\">Visina mm<\/td>\n<td style=\"text-align: center;\">\u0160irina mm<\/td>\n<td style=\"text-align: center;\">Du\u017eina mm<\/td>\n<td style=\"text-align: center;\">Te\u017eina kg\/kom<\/td>\n<td style=\"text-align: center;\">Debljina mm<\/td>\n<\/tr>\n<tr>\n<td style=\"text-align: center;\">5000321<\/td>\n<td style=\"text-align: center;\">FRK 100-N<\/td>\n<td style=\"text-align: center;\">25<\/td>\n<td style=\"text-align: center;\">100<\/td>\n<td style=\"text-align: center;\">75<\/td>\n<td style=\"text-align: center;\">0,07<\/td>\n<td style=\"text-align: center;\">0,8<\/td>\n<\/tr>\n<tr>\n<td style=\"text-align: center;\">5000322<\/td>\n<td style=\"text-align: center;\">FRK 200-N<\/td>\n<td style=\"text-align: center;\">25<\/td>\n<td style=\"text-align: center;\">200<\/td>\n<td style=\"text-align: center;\">100<\/td>\n<td style=\"text-align: center;\">0,14<\/td>\n<td style=\"text-align: center;\">1<\/td>\n<\/tr>\n<tr>\n<td style=\"text-align: center;\">5000323<\/td>\n<td style=\"text-align: center;\">FRK 300-N<\/td>\n<td style=\"text-align: center;\">25<\/td>\n<td style=\"text-align: center;\">300<\/td>\n<td style=\"text-align: center;\">150<\/td>\n<td style=\"text-align: center;\">0,27<\/td>\n<td style=\"text-align: center;\">1<\/td>\n<\/tr>\n<tr>\n<td style=\"text-align: center;\">5000324<\/td>\n<td style=\"text-align: center;\">FRK 400-N<\/td>\n<td style=\"text-align: center;\">25<\/td>\n<td style=\"text-align: center;\">400<\/td>\n<td style=\"text-align: center;\">200<\/td>\n<td style=\"text-align: center;\">0,48<\/td>\n<td style=\"text-align: center;\">1<\/td>\n<\/tr>\n<\/tbody>\n<\/table>\n<p>&nbsp;<\/p>\n","protected":false},"excerpt":{"rendered":"<p>Slu\u017ei za postavljanje-fiksiranje re\u0161etkastog kanala na svim vertikalnim podlogama. Izra\u0111uje se od visokokvalitetnog pocinkovanog lima. Kodni broj Tip Visina mm \u0160irina mm Du\u017eina mm Te\u017eina kg\/kom Debljina mm 5000321 FRK 100-N 25 100 75 0,07 0,8 5000322 FRK 200-N 25 200 100 0,14 1 5000323 FRK 300-N 25 300 150 0,27 1 5000324 FRK 400-N [&hellip;]<\/p>\n","protected":false},"featured_media":265749,"comment_status":"closed","ping_status":"closed","template":"","meta":[],"product_brand":[],"product_cat":[200],"product_tag":[],"class_list":{"0":"post-3429","1":"product","2":"type-product","3":"status-publish","4":"has-post-thumbnail","6":"product_cat-kanali","8":"first","9":"instock","10":"shipping-taxable","11":"product-type-simple"},"_links":{"self":[{"href":"https:\/\/www.feman.net\/eng\/index.php?rest_route=\/wp\/v2\/product\/3429","targetHints":{"allow":["GET"]}}],"collection":[{"href":"https:\/\/www.feman.net\/eng\/index.php?rest_route=\/wp\/v2\/product"}],"about":[{"href":"https:\/\/www.feman.net\/eng\/index.php?rest_route=\/wp\/v2\/types\/product"}],"replies":[{"embeddable":true,"href":"https:\/\/www.feman.net\/eng\/index.php?rest_route=%2Fwp%2Fv2%2Fcomments&post=3429"}],"wp:featuredmedia":[{"embeddable":true,"href":"https:\/\/www.feman.net\/eng\/index.php?rest_route=\/wp\/v2\/media\/265749"}],"wp:attachment":[{"href":"https:\/\/www.feman.net\/eng\/index.php?rest_route=%2Fwp%2Fv2%2Fmedia&parent=3429"}],"wp:term":[{"taxonomy":"product_brand","embeddable":true,"href":"https:\/\/www.feman.net\/eng\/index.php?rest_route=%2Fwp%2Fv2%2Fproduct_brand&post=3429"},{"taxonomy":"product_cat","embeddable":true,"href":"https:\/\/www.feman.net\/eng\/index.php?rest_route=%2Fwp%2Fv2%2Fproduct_cat&post=3429"},{"taxonomy":"product_tag","embeddable":true,"href":"https:\/\/www.feman.net\/eng\/index.php?rest_route=%2Fwp%2Fv2%2Fproduct_tag&post=3429"}],"curies":[{"name":"wp","href":"https:\/\/api.w.org\/{rel}","templated":true}]}}