{"id":3433,"date":"2015-04-15T09:16:39","date_gmt":"2015-04-15T09:16:39","guid":{"rendered":"http:\/\/feman.net\/?p=3433"},"modified":"2022-11-23T21:38:16","modified_gmt":"2022-11-23T21:38:16","slug":"t-spojnica-za-resetkasti-kanal","status":"publish","type":"product","link":"https:\/\/www.feman.net\/eng\/?product=t-spojnica-za-resetkasti-kanal","title":{"rendered":"T SPOJNICA ZA RE\u0160ETKASTI KANAL"},"content":{"rendered":"<p><a href=\"http:\/\/www.feman.net\/wp-content\/uploads\/2015\/03\/27-1.png\"><img loading=\"lazy\" decoding=\"async\" class=\"alignnone wp-image-1799 size-medium\" src=\"http:\/\/www.feman.net\/wp-content\/uploads\/2015\/03\/27-1-300x167.png\" alt=\"T SPOJNICA ZA RE\u0160ETKASTI KANAL\" width=\"300\" height=\"167\" srcset=\"https:\/\/www.feman.net\/eng\/wp-content\/uploads\/2015\/03\/27-1-300x167.png 300w, https:\/\/www.feman.net\/eng\/wp-content\/uploads\/2015\/03\/27-1-600x335.png 600w, https:\/\/www.feman.net\/eng\/wp-content\/uploads\/2015\/03\/27-1-150x84.png 150w, https:\/\/www.feman.net\/eng\/wp-content\/uploads\/2015\/03\/27-1.png 685w\" sizes=\"(max-width: 300px) 100vw, 300px\" \/><\/a><\/p>\n<p>Koristi se kao dopuna re\u0161etkastog kanala u slu\u010daju kada uz postoje\u0107u trasu polo\u017eenog kabla menja smer u jednom pravcu. Izra\u0111uje se od visokokvalitetnog pocinkovanog lima.<\/p>\n<table style=\"height: 175px; width: 46.0135%;\" width=\"567\">\n<tbody>\n<tr style=\"height: 35px; background-color: #c8e4f7;\">\n<td style=\"text-align: center; height: 35px;\">Kodni broj<\/td>\n<td style=\"text-align: center; height: 35px;\">Tip<\/td>\n<td style=\"text-align: center; height: 35px;\">\u0160irina spoja mm<\/td>\n<td style=\"text-align: center; height: 35px;\">Visina mm<\/td>\n<td style=\"text-align: center; height: 35px;\">Debljina mm<\/td>\n<\/tr>\n<tr style=\"height: 35px;\">\n<td style=\"text-align: center; height: 35px;\">5100311<\/td>\n<td style=\"text-align: center; height: 35px;\">FRK 100-TS<\/td>\n<td style=\"text-align: center; height: 35px;\">100<\/td>\n<td style=\"text-align: center; height: 35px;\">60<\/td>\n<td style=\"text-align: center; height: 35px;\">0,8<\/td>\n<\/tr>\n<tr style=\"height: 35px;\">\n<td style=\"text-align: center; height: 35px;\">5100312<\/td>\n<td style=\"text-align: center; height: 35px;\">FRK 200-TS<\/td>\n<td style=\"text-align: center; height: 35px;\">200<\/td>\n<td style=\"text-align: center; height: 35px;\">60<\/td>\n<td style=\"text-align: center; height: 35px;\">0,8<\/td>\n<\/tr>\n<tr style=\"height: 35px;\">\n<td style=\"text-align: center; height: 35px;\">5100313<\/td>\n<td style=\"text-align: center; height: 35px;\">FRK 300-TS<\/td>\n<td style=\"text-align: center; height: 35px;\">300<\/td>\n<td style=\"text-align: center; height: 35px;\">60<\/td>\n<td style=\"text-align: center; height: 35px;\">1<\/td>\n<\/tr>\n<tr style=\"height: 35px;\">\n<td style=\"text-align: center; height: 35px;\">5100314<\/td>\n<td style=\"text-align: center; height: 35px;\">FRK 400-TS<\/td>\n<td style=\"text-align: center; height: 35px;\">400<\/td>\n<td style=\"text-align: center; height: 35px;\">60<\/td>\n<td style=\"text-align: center; height: 35px;\">1<\/td>\n<\/tr>\n<\/tbody>\n<\/table>\n<p>&nbsp;<\/p>\n","protected":false},"excerpt":{"rendered":"<p>Koristi se kao dopuna re\u0161etkastog kanala u slu\u010daju kada uz postoje\u0107u trasu polo\u017eenog kabla menja smer u jednom pravcu. Izra\u0111uje se od visokokvalitetnog pocinkovanog lima. Kodni broj Tip \u0160irina spoja mm Visina mm Debljina mm 5100311 FRK 100-TS 100 60 0,8 5100312 FRK 200-TS 200 60 0,8 5100313 FRK 300-TS 300 60 1 5100314 FRK [&hellip;]<\/p>\n","protected":false},"featured_media":265764,"comment_status":"closed","ping_status":"closed","template":"","meta":[],"product_brand":[],"product_cat":[200],"product_tag":[],"class_list":{"0":"post-3433","1":"product","2":"type-product","3":"status-publish","4":"has-post-thumbnail","6":"product_cat-kanali","8":"first","9":"instock","10":"shipping-taxable","11":"product-type-simple"},"_links":{"self":[{"href":"https:\/\/www.feman.net\/eng\/index.php?rest_route=\/wp\/v2\/product\/3433","targetHints":{"allow":["GET"]}}],"collection":[{"href":"https:\/\/www.feman.net\/eng\/index.php?rest_route=\/wp\/v2\/product"}],"about":[{"href":"https:\/\/www.feman.net\/eng\/index.php?rest_route=\/wp\/v2\/types\/product"}],"replies":[{"embeddable":true,"href":"https:\/\/www.feman.net\/eng\/index.php?rest_route=%2Fwp%2Fv2%2Fcomments&post=3433"}],"wp:featuredmedia":[{"embeddable":true,"href":"https:\/\/www.feman.net\/eng\/index.php?rest_route=\/wp\/v2\/media\/265764"}],"wp:attachment":[{"href":"https:\/\/www.feman.net\/eng\/index.php?rest_route=%2Fwp%2Fv2%2Fmedia&parent=3433"}],"wp:term":[{"taxonomy":"product_brand","embeddable":true,"href":"https:\/\/www.feman.net\/eng\/index.php?rest_route=%2Fwp%2Fv2%2Fproduct_brand&post=3433"},{"taxonomy":"product_cat","embeddable":true,"href":"https:\/\/www.feman.net\/eng\/index.php?rest_route=%2Fwp%2Fv2%2Fproduct_cat&post=3433"},{"taxonomy":"product_tag","embeddable":true,"href":"https:\/\/www.feman.net\/eng\/index.php?rest_route=%2Fwp%2Fv2%2Fproduct_tag&post=3433"}],"curies":[{"name":"wp","href":"https:\/\/api.w.org\/{rel}","templated":true}]}}