{"id":3438,"date":"2015-04-15T09:22:31","date_gmt":"2015-04-15T09:22:31","guid":{"rendered":"http:\/\/feman.net\/?p=3438"},"modified":"2022-11-23T21:31:20","modified_gmt":"2022-11-23T21:31:20","slug":"poklopac-za-ugaonu-spojnicu-za-resetkasti-kanal","status":"publish","type":"product","link":"https:\/\/www.feman.net\/eng\/?product=poklopac-za-ugaonu-spojnicu-za-resetkasti-kanal","title":{"rendered":"POKLOPAC ZA UGAONU SPOJNICU ZA RE\u0160ETKASTI KANAL"},"content":{"rendered":"<p><a href=\"http:\/\/www.feman.net\/wp-content\/uploads\/2015\/03\/27-3.png\"><img loading=\"lazy\" decoding=\"async\" class=\"alignnone wp-image-1801 size-medium\" src=\"http:\/\/www.feman.net\/wp-content\/uploads\/2015\/03\/27-3-300x137.png\" alt=\"POKLOPAC ZA UGAONU SPOJNICU ZA RE\u0160ETKASTI KANAL\" width=\"300\" height=\"137\" srcset=\"https:\/\/www.feman.net\/eng\/wp-content\/uploads\/2015\/03\/27-3-300x137.png 300w, https:\/\/www.feman.net\/eng\/wp-content\/uploads\/2015\/03\/27-3-600x274.png 600w, https:\/\/www.feman.net\/eng\/wp-content\/uploads\/2015\/03\/27-3-150x68.png 150w, https:\/\/www.feman.net\/eng\/wp-content\/uploads\/2015\/03\/27-3.png 618w\" sizes=\"(max-width: 300px) 100vw, 300px\" \/><\/a><\/p>\n<p>Koristi se za pokrivanje ugaone spojnice, \u010dime se ostvaruje kontinuitet mehani\u010dke i atmosferske za\u0161tite kablova polo\u017eenih u re\u0161etkastom kanalu. Izra\u0111uje se od visokokvalitetnog pocinkovanog lima.<\/p>\n<table style=\"height: 190px; width: 55.6204%;\" width=\"569\">\n<tbody>\n<tr style=\"background-color: #c8e4f7;\">\n<td style=\"text-align: center;\">Kodni broj<\/td>\n<td style=\"text-align: center;\">Tip<\/td>\n<td style=\"text-align: center;\">\u0160irina spoja mm<\/td>\n<td style=\"text-align: center;\">Visina mm<\/td>\n<td style=\"text-align: center;\">Ddebljina mm<\/td>\n<\/tr>\n<tr>\n<td style=\"text-align: center;\">5100331<\/td>\n<td style=\"text-align: center;\">FRK 100-PUS<\/td>\n<td style=\"text-align: center;\">100<\/td>\n<td style=\"text-align: center;\">16<\/td>\n<td style=\"text-align: center;\">0,8<\/td>\n<\/tr>\n<tr>\n<td style=\"text-align: center;\">5100332<\/td>\n<td style=\"text-align: center;\">FRK 200-PUS<\/td>\n<td style=\"text-align: center;\">200<\/td>\n<td style=\"text-align: center;\">16<\/td>\n<td style=\"text-align: center;\">0,8<\/td>\n<\/tr>\n<tr>\n<td style=\"text-align: center;\">5100333<\/td>\n<td style=\"text-align: center;\">FRK 300-PUS<\/td>\n<td style=\"text-align: center;\">300<\/td>\n<td style=\"text-align: center;\">16<\/td>\n<td style=\"text-align: center;\">1<\/td>\n<\/tr>\n<tr>\n<td style=\"text-align: center;\">5100334<\/td>\n<td style=\"text-align: center;\">FRK 400-PUS<\/td>\n<td style=\"text-align: center;\">400<\/td>\n<td style=\"text-align: center;\">16<\/td>\n<td style=\"text-align: center;\">1<\/td>\n<\/tr>\n<\/tbody>\n<\/table>\n<p>&nbsp;<\/p>\n","protected":false},"excerpt":{"rendered":"<p>Koristi se za pokrivanje ugaone spojnice, \u010dime se ostvaruje kontinuitet mehani\u010dke i atmosferske za\u0161tite kablova polo\u017eenih u re\u0161etkastom kanalu. Izra\u0111uje se od visokokvalitetnog pocinkovanog lima. Kodni broj Tip \u0160irina spoja mm Visina mm Ddebljina mm 5100331 FRK 100-PUS 100 16 0,8 5100332 FRK 200-PUS 200 16 0,8 5100333 FRK 300-PUS 300 16 1 5100334 FRK [&hellip;]<\/p>\n","protected":false},"featured_media":265757,"comment_status":"closed","ping_status":"closed","template":"","meta":[],"product_brand":[],"product_cat":[200],"product_tag":[],"class_list":{"0":"post-3438","1":"product","2":"type-product","3":"status-publish","4":"has-post-thumbnail","6":"product_cat-kanali","8":"first","9":"instock","10":"shipping-taxable","11":"product-type-simple"},"_links":{"self":[{"href":"https:\/\/www.feman.net\/eng\/index.php?rest_route=\/wp\/v2\/product\/3438","targetHints":{"allow":["GET"]}}],"collection":[{"href":"https:\/\/www.feman.net\/eng\/index.php?rest_route=\/wp\/v2\/product"}],"about":[{"href":"https:\/\/www.feman.net\/eng\/index.php?rest_route=\/wp\/v2\/types\/product"}],"replies":[{"embeddable":true,"href":"https:\/\/www.feman.net\/eng\/index.php?rest_route=%2Fwp%2Fv2%2Fcomments&post=3438"}],"wp:featuredmedia":[{"embeddable":true,"href":"https:\/\/www.feman.net\/eng\/index.php?rest_route=\/wp\/v2\/media\/265757"}],"wp:attachment":[{"href":"https:\/\/www.feman.net\/eng\/index.php?rest_route=%2Fwp%2Fv2%2Fmedia&parent=3438"}],"wp:term":[{"taxonomy":"product_brand","embeddable":true,"href":"https:\/\/www.feman.net\/eng\/index.php?rest_route=%2Fwp%2Fv2%2Fproduct_brand&post=3438"},{"taxonomy":"product_cat","embeddable":true,"href":"https:\/\/www.feman.net\/eng\/index.php?rest_route=%2Fwp%2Fv2%2Fproduct_cat&post=3438"},{"taxonomy":"product_tag","embeddable":true,"href":"https:\/\/www.feman.net\/eng\/index.php?rest_route=%2Fwp%2Fv2%2Fproduct_tag&post=3438"}],"curies":[{"name":"wp","href":"https:\/\/api.w.org\/{rel}","templated":true}]}}