{"id":3452,"date":"2015-04-15T09:35:24","date_gmt":"2015-04-15T09:35:24","guid":{"rendered":"http:\/\/feman.net\/?p=3452"},"modified":"2022-11-23T22:13:16","modified_gmt":"2022-11-23T22:13:16","slug":"obujmica-za-provodnike","status":"publish","type":"product","link":"https:\/\/www.feman.net\/eng\/?product=obujmica-za-provodnike","title":{"rendered":"OBUJMICA ZA PROVODNIKE"},"content":{"rendered":"<p><a href=\"http:\/\/www.feman.net\/wp-content\/uploads\/2015\/03\/28-31.png\"><img loading=\"lazy\" decoding=\"async\" class=\"alignnone wp-image-1806 size-medium\" src=\"http:\/\/www.feman.net\/wp-content\/uploads\/2015\/03\/28-31-300x228.png\" alt=\"OBUJMICA ZA PROVODNIKE\" width=\"300\" height=\"228\" srcset=\"https:\/\/www.feman.net\/eng\/wp-content\/uploads\/2015\/03\/28-31-300x228.png 300w, https:\/\/www.feman.net\/eng\/wp-content\/uploads\/2015\/03\/28-31-600x457.png 600w, https:\/\/www.feman.net\/eng\/wp-content\/uploads\/2015\/03\/28-31-150x114.png 150w, https:\/\/www.feman.net\/eng\/wp-content\/uploads\/2015\/03\/28-31.png 944w\" sizes=\"(max-width: 300px) 100vw, 300px\" \/><\/a><\/p>\n<p>Koristi se za brzo i lako pri\u010dvr\u0161\u0107ivanje kablova svih vrstakablova na plafonu I zidu. Izra\u0111ena je od specijalne termoplasti\u010dne mase.<\/p>\n<ul>\n<li>Du\u017eina: 125 mm<\/li>\n<li>Te\u017eina: 1,4 kg\/100kom<\/li>\n<li>Kodni broj: 1700030<\/li>\n<\/ul>\n<p>&nbsp;<\/p>\n<p>&nbsp;<\/p>\n<p>&nbsp;<\/p>\n","protected":false},"excerpt":{"rendered":"<p>Koristi se za brzo i lako pri\u010dvr\u0161\u0107ivanje kablova svih vrstakablova na plafonu I zidu. Izra\u0111ena je od specijalne termoplasti\u010dne mase. Du\u017eina: 125 mm Te\u017eina: 1,4 kg\/100kom Kodni broj: 1700030 &nbsp; &nbsp; &nbsp;<\/p>\n","protected":false},"featured_media":0,"comment_status":"closed","ping_status":"closed","template":"","meta":[],"product_brand":[],"product_cat":[203],"product_tag":[],"class_list":{"0":"post-3452","1":"product","2":"type-product","3":"status-publish","5":"product_cat-instalacioni-pribor-ostalo","7":"first","8":"instock","9":"shipping-taxable","10":"product-type-simple"},"_links":{"self":[{"href":"https:\/\/www.feman.net\/eng\/index.php?rest_route=\/wp\/v2\/product\/3452","targetHints":{"allow":["GET"]}}],"collection":[{"href":"https:\/\/www.feman.net\/eng\/index.php?rest_route=\/wp\/v2\/product"}],"about":[{"href":"https:\/\/www.feman.net\/eng\/index.php?rest_route=\/wp\/v2\/types\/product"}],"replies":[{"embeddable":true,"href":"https:\/\/www.feman.net\/eng\/index.php?rest_route=%2Fwp%2Fv2%2Fcomments&post=3452"}],"wp:attachment":[{"href":"https:\/\/www.feman.net\/eng\/index.php?rest_route=%2Fwp%2Fv2%2Fmedia&parent=3452"}],"wp:term":[{"taxonomy":"product_brand","embeddable":true,"href":"https:\/\/www.feman.net\/eng\/index.php?rest_route=%2Fwp%2Fv2%2Fproduct_brand&post=3452"},{"taxonomy":"product_cat","embeddable":true,"href":"https:\/\/www.feman.net\/eng\/index.php?rest_route=%2Fwp%2Fv2%2Fproduct_cat&post=3452"},{"taxonomy":"product_tag","embeddable":true,"href":"https:\/\/www.feman.net\/eng\/index.php?rest_route=%2Fwp%2Fv2%2Fproduct_tag&post=3452"}],"curies":[{"name":"wp","href":"https:\/\/api.w.org\/{rel}","templated":true}]}}