{"id":3460,"date":"2015-04-15T09:46:27","date_gmt":"2015-04-15T09:46:27","guid":{"rendered":"http:\/\/feman.net\/?p=3460"},"modified":"2022-11-23T22:01:14","modified_gmt":"2022-11-23T22:01:14","slug":"spiralna-zastita-za-provodnik","status":"publish","type":"product","link":"https:\/\/www.feman.net\/eng\/?product=spiralna-zastita-za-provodnik","title":{"rendered":"SPIRALNA ZA\u0160TITA ZA PROVODNIK"},"content":{"rendered":"<p><a href=\"http:\/\/www.feman.net\/wp-content\/uploads\/2015\/03\/29-11.png\"><img loading=\"lazy\" decoding=\"async\" class=\"alignnone wp-image-1808 size-medium\" src=\"http:\/\/www.feman.net\/wp-content\/uploads\/2015\/03\/29-11-300x207.png\" alt=\"SPIRALNA ZA\u0160TITA ZA PROVODNIK\" width=\"300\" height=\"207\" srcset=\"https:\/\/www.feman.net\/eng\/wp-content\/uploads\/2015\/03\/29-11-300x207.png 300w, https:\/\/www.feman.net\/eng\/wp-content\/uploads\/2015\/03\/29-11-600x414.png 600w, https:\/\/www.feman.net\/eng\/wp-content\/uploads\/2015\/03\/29-11-150x103.png 150w, https:\/\/www.feman.net\/eng\/wp-content\/uploads\/2015\/03\/29-11.png 959w\" sizes=\"(max-width: 300px) 100vw, 300px\" \/><\/a><\/p>\n<p>Koristi se za banda\u017eiranje vi\u0161e \u017eila i kablova u elektro ormanima i raznim postrojenjima.<\/p>\n<table style=\"height: 24px; width: 66.3032%;\" width=\"620\">\n<tbody>\n<tr style=\"background-color: #c8e4f7;\">\n<td style=\"text-align: center;\">Kodni broj<\/td>\n<td style=\"text-align: center;\">Tip<\/td>\n<td style=\"text-align: center;\">d mm<\/td>\n<td style=\"text-align: center;\">D mm<\/td>\n<td style=\"text-align: center;\">W mm<\/td>\n<td style=\"text-align: center;\">Pakovanje m<\/td>\n<\/tr>\n<tr>\n<td style=\"text-align: center;\">1722010<\/td>\n<td style=\"text-align: center;\">SZP 6-10<\/td>\n<td style=\"text-align: center;\">7,5<\/td>\n<td style=\"text-align: center;\">10<\/td>\n<td style=\"text-align: center;\">11,4<\/td>\n<td style=\"text-align: center;\">10<\/td>\n<\/tr>\n<tr>\n<td style=\"text-align: center;\">1722025<\/td>\n<td style=\"text-align: center;\">SZP 10-25<\/td>\n<td style=\"text-align: center;\">20<\/td>\n<td style=\"text-align: center;\">25<\/td>\n<td style=\"text-align: center;\">19,6<\/td>\n<td style=\"text-align: center;\">10<\/td>\n<\/tr>\n<\/tbody>\n<\/table>\n<p>&nbsp;<\/p>\n<p>&nbsp;<\/p>\n<p>&nbsp;<\/p>\n","protected":false},"excerpt":{"rendered":"<p>Koristi se za banda\u017eiranje vi\u0161e \u017eila i kablova u elektro ormanima i raznim postrojenjima. Kodni broj Tip d mm D mm W mm Pakovanje m 1722010 SZP 6-10 7,5 10 11,4 10 1722025 SZP 10-25 20 25 19,6 10 &nbsp; &nbsp; &nbsp;<\/p>\n","protected":false},"featured_media":0,"comment_status":"closed","ping_status":"closed","template":"","meta":[],"product_brand":[],"product_cat":[203],"product_tag":[],"class_list":{"0":"post-3460","1":"product","2":"type-product","3":"status-publish","5":"product_cat-instalacioni-pribor-ostalo","7":"first","8":"instock","9":"shipping-taxable","10":"product-type-simple"},"_links":{"self":[{"href":"https:\/\/www.feman.net\/eng\/index.php?rest_route=\/wp\/v2\/product\/3460","targetHints":{"allow":["GET"]}}],"collection":[{"href":"https:\/\/www.feman.net\/eng\/index.php?rest_route=\/wp\/v2\/product"}],"about":[{"href":"https:\/\/www.feman.net\/eng\/index.php?rest_route=\/wp\/v2\/types\/product"}],"replies":[{"embeddable":true,"href":"https:\/\/www.feman.net\/eng\/index.php?rest_route=%2Fwp%2Fv2%2Fcomments&post=3460"}],"wp:attachment":[{"href":"https:\/\/www.feman.net\/eng\/index.php?rest_route=%2Fwp%2Fv2%2Fmedia&parent=3460"}],"wp:term":[{"taxonomy":"product_brand","embeddable":true,"href":"https:\/\/www.feman.net\/eng\/index.php?rest_route=%2Fwp%2Fv2%2Fproduct_brand&post=3460"},{"taxonomy":"product_cat","embeddable":true,"href":"https:\/\/www.feman.net\/eng\/index.php?rest_route=%2Fwp%2Fv2%2Fproduct_cat&post=3460"},{"taxonomy":"product_tag","embeddable":true,"href":"https:\/\/www.feman.net\/eng\/index.php?rest_route=%2Fwp%2Fv2%2Fproduct_tag&post=3460"}],"curies":[{"name":"wp","href":"https:\/\/api.w.org\/{rel}","templated":true}]}}