{"id":5185,"date":"2015-04-28T09:28:38","date_gmt":"2015-04-28T09:28:38","guid":{"rendered":"http:\/\/www.feman.co.rs\/?p=5185"},"modified":"2022-11-23T22:14:02","modified_gmt":"2022-11-23T22:14:02","slug":"obujmica-za-oluk-slivnik-oprema","status":"publish","type":"product","link":"https:\/\/www.feman.net\/eng\/?product=obujmica-za-oluk-slivnik-oprema","title":{"rendered":"OBUJMICA ZA OLUK-SLIVNIK"},"content":{"rendered":"<p><img loading=\"lazy\" decoding=\"async\" class=\"alignnone wp-image-5419\" src=\"http:\/\/www.feman.net\/wp-content\/uploads\/2015\/04\/11-5.png\" alt=\"OBUJMICA ZA OLUK-SLIVNIK - JUS N.B4.914-B\" width=\"359\" height=\"265\" srcset=\"https:\/\/www.feman.net\/eng\/wp-content\/uploads\/2015\/04\/11-5.png 658w, https:\/\/www.feman.net\/eng\/wp-content\/uploads\/2015\/04\/11-5-300x222.png 300w, https:\/\/www.feman.net\/eng\/wp-content\/uploads\/2015\/04\/11-5-600x444.png 600w, https:\/\/www.feman.net\/eng\/wp-content\/uploads\/2015\/04\/11-5-150x111.png 150w\" sizes=\"(max-width: 359px) 100vw, 359px\" \/> \u00a0\u00a0\u00a0 <img loading=\"lazy\" decoding=\"async\" class=\"alignnone wp-image-5420\" src=\"http:\/\/www.feman.net\/wp-content\/uploads\/2015\/04\/11-6.png\" alt=\"OBUJMICA ZA OLUK-SLIVNIK - JUS N.B4.914-B\" width=\"240\" height=\"244\" srcset=\"https:\/\/www.feman.net\/eng\/wp-content\/uploads\/2015\/04\/11-6.png 421w, https:\/\/www.feman.net\/eng\/wp-content\/uploads\/2015\/04\/11-6-300x305.png 300w, https:\/\/www.feman.net\/eng\/wp-content\/uploads\/2015\/04\/11-6-295x300.png 295w, https:\/\/www.feman.net\/eng\/wp-content\/uploads\/2015\/04\/11-6-150x152.png 150w\" sizes=\"(max-width: 240px) 100vw, 240px\" \/><\/p>\n<p style=\"text-align: justify;\">Obujmica za pravougaoni oluk-slivnik je element gromobranske instalacije koji slu\u017ei za spajanje gromobranskih vodova sa pravougaonim olukom-slivnikom ili kao nosa\u010d spusnog voda koji se postavlja na 120-150 cm. Izra\u0111ena je od \u010deli\u010dnog lima po JUS C.BO.500 debljine 1.5-2 mm. Univerzalna je, tj mo\u017ee se koristiti i za pljosnate i za okrugle provodnike.<br \/>\nZa\u0161tita od korozije je izvr\u0161ena galvanskim cinkovanjem, a po \u017eelji kupca radimo i toplo cinkovanje.<\/p>\n<table style=\"height: 93px; width: 73.2319%;\" width=\"483\">\n<tbody>\n<tr style=\"background-color: #c8e4f7;\">\n<td style=\"text-align: center;\">Kodni broj<\/td>\n<td style=\"text-align: center;\">A mm<\/td>\n<td style=\"text-align: center;\">Pakovanje kom<\/td>\n<td style=\"text-align: center;\">Te\u017eina kg\/100kom<\/td>\n<\/tr>\n<tr>\n<td style=\"text-align: center;\">5200130<\/td>\n<td style=\"text-align: center;\">100<\/td>\n<td style=\"text-align: center;\">50<\/td>\n<td style=\"text-align: center;\">0,32<\/td>\n<\/tr>\n<tr>\n<td style=\"text-align: center;\">5200131<\/td>\n<td style=\"text-align: center;\">120<\/td>\n<td style=\"text-align: center;\">50<\/td>\n<td style=\"text-align: center;\">0,35<\/td>\n<\/tr>\n<tr>\n<td style=\"text-align: center;\">5200132<\/td>\n<td style=\"text-align: center;\">140<\/td>\n<td style=\"text-align: center;\">50<\/td>\n<td style=\"text-align: center;\">0,38<\/td>\n<\/tr>\n<\/tbody>\n<\/table>\n<p>&nbsp;<\/p>\n","protected":false},"excerpt":{"rendered":"<p>\u00a0\u00a0\u00a0 Obujmica za pravougaoni oluk-slivnik je element gromobranske instalacije koji slu\u017ei za spajanje gromobranskih vodova sa pravougaonim olukom-slivnikom ili kao nosa\u010d spusnog voda koji se postavlja na 120-150 cm. Izra\u0111ena je od \u010deli\u010dnog lima po JUS C.BO.500 debljine 1.5-2 mm. Univerzalna je, tj mo\u017ee se koristiti i za pljosnate i za okrugle provodnike. Za\u0161tita od [&hellip;]<\/p>\n","protected":false},"featured_media":269382,"comment_status":"closed","ping_status":"closed","template":"","meta":[],"product_brand":[],"product_cat":[203],"product_tag":[],"class_list":{"0":"post-5185","1":"product","2":"type-product","3":"status-publish","4":"has-post-thumbnail","6":"product_cat-instalacioni-pribor-ostalo","8":"first","9":"instock","10":"shipping-taxable","11":"product-type-simple"},"_links":{"self":[{"href":"https:\/\/www.feman.net\/eng\/index.php?rest_route=\/wp\/v2\/product\/5185","targetHints":{"allow":["GET"]}}],"collection":[{"href":"https:\/\/www.feman.net\/eng\/index.php?rest_route=\/wp\/v2\/product"}],"about":[{"href":"https:\/\/www.feman.net\/eng\/index.php?rest_route=\/wp\/v2\/types\/product"}],"replies":[{"embeddable":true,"href":"https:\/\/www.feman.net\/eng\/index.php?rest_route=%2Fwp%2Fv2%2Fcomments&post=5185"}],"wp:featuredmedia":[{"embeddable":true,"href":"https:\/\/www.feman.net\/eng\/index.php?rest_route=\/wp\/v2\/media\/269382"}],"wp:attachment":[{"href":"https:\/\/www.feman.net\/eng\/index.php?rest_route=%2Fwp%2Fv2%2Fmedia&parent=5185"}],"wp:term":[{"taxonomy":"product_brand","embeddable":true,"href":"https:\/\/www.feman.net\/eng\/index.php?rest_route=%2Fwp%2Fv2%2Fproduct_brand&post=5185"},{"taxonomy":"product_cat","embeddable":true,"href":"https:\/\/www.feman.net\/eng\/index.php?rest_route=%2Fwp%2Fv2%2Fproduct_cat&post=5185"},{"taxonomy":"product_tag","embeddable":true,"href":"https:\/\/www.feman.net\/eng\/index.php?rest_route=%2Fwp%2Fv2%2Fproduct_tag&post=5185"}],"curies":[{"name":"wp","href":"https:\/\/api.w.org\/{rel}","templated":true}]}}