{"id":5187,"date":"2015-04-28T09:28:54","date_gmt":"2015-04-28T09:28:54","guid":{"rendered":"http:\/\/www.feman.co.rs\/?p=5187"},"modified":"2022-11-23T22:25:02","modified_gmt":"2022-11-23T22:25:02","slug":"obujmica-za-cev","status":"publish","type":"product","link":"https:\/\/www.feman.net\/eng\/?product=obujmica-za-cev","title":{"rendered":"OBUJMICA ZA CEV"},"content":{"rendered":"<p><a href=\"http:\/\/www.feman.net\/wp-content\/uploads\/2015\/04\/12-11.png\"><img loading=\"lazy\" decoding=\"async\" class=\"wp-image-5421 alignnone\" src=\"http:\/\/www.feman.net\/wp-content\/uploads\/2015\/04\/12-11.png\" alt=\"OBUJMICA ZA CEV - JUS N.B4.915\" width=\"389\" height=\"163\" srcset=\"https:\/\/www.feman.net\/eng\/wp-content\/uploads\/2015\/04\/12-11.png 609w, https:\/\/www.feman.net\/eng\/wp-content\/uploads\/2015\/04\/12-11-300x126.png 300w, https:\/\/www.feman.net\/eng\/wp-content\/uploads\/2015\/04\/12-11-600x251.png 600w, https:\/\/www.feman.net\/eng\/wp-content\/uploads\/2015\/04\/12-11-150x63.png 150w\" sizes=\"(max-width: 389px) 100vw, 389px\" \/><\/a><a href=\"http:\/\/www.feman.net\/wp-content\/uploads\/2015\/04\/12-21.png\">\u00a0\u00a0\u00a0\u00a0\u00a0\u00a0\u00a0\u00a0\u00a0\u00a0\u00a0\u00a0\u00a0\u00a0\u00a0\u00a0 <img loading=\"lazy\" decoding=\"async\" class=\"wp-image-5422 alignnone\" src=\"http:\/\/www.feman.net\/wp-content\/uploads\/2015\/04\/12-21.png\" alt=\"OBUJMICA ZA CEV - JUS N.B4.915\" width=\"196\" height=\"159\" srcset=\"https:\/\/www.feman.net\/eng\/wp-content\/uploads\/2015\/04\/12-21.png 461w, https:\/\/www.feman.net\/eng\/wp-content\/uploads\/2015\/04\/12-21-300x244.png 300w, https:\/\/www.feman.net\/eng\/wp-content\/uploads\/2015\/04\/12-21-369x300.png 369w, https:\/\/www.feman.net\/eng\/wp-content\/uploads\/2015\/04\/12-21-150x122.png 150w\" sizes=\"(max-width: 196px) 100vw, 196px\" \/><\/a><\/p>\n<p style=\"text-align: justify;\">Obujmica je cevni element gromobranske instalacije koji slu\u017ei za pri\u010dvr\u0161\u0107ivanje gromobranskih vodova za cevi razli\u010ditih cevovoda u zgradama i drugim objektima. Univerzalna je, tj mo\u017ee se koristiti i za pljosnate i za okrugle provodnike. Za\u0161tita od korozije je izvr\u0161ena galvanskim cinkovanjem, a po \u017eelji kupca radimo i toplo cinkovanje.<\/p>\n<table style=\"height: 38px; width: 56.1611%;\" width=\"551\">\n<tbody>\n<tr style=\"height: 23px; background-color: #c8e4f7;\">\n<td style=\"height: 23px; text-align: center;\">Kodni broj<\/td>\n<td style=\"height: 23px; text-align: center;\">D mm<\/td>\n<td style=\"height: 23px; text-align: center;\">Pakovanje kom<\/td>\n<td style=\"height: 23px; text-align: center;\">Te\u017eina kg\/kom<\/td>\n<\/tr>\n<tr style=\"height: 23px;\">\n<td style=\"height: 23px; text-align: center;\">5200140<\/td>\n<td style=\"height: 23px; text-align: center;\">48,3<\/td>\n<td style=\"height: 23px; text-align: center;\">50<\/td>\n<td style=\"height: 23px; text-align: center;\">0,23<\/td>\n<\/tr>\n<tr style=\"height: 23px;\">\n<td style=\"height: 23px; text-align: center;\">5200141<\/td>\n<td style=\"height: 23px; text-align: center;\">60,3<\/td>\n<td style=\"height: 23px; text-align: center;\">50<\/td>\n<td style=\"height: 23px; text-align: center;\">0,25<\/td>\n<\/tr>\n<tr style=\"height: 23px;\">\n<td style=\"height: 23px; text-align: center;\">5200142<\/td>\n<td style=\"height: 23px; text-align: center;\">76,1<\/td>\n<td style=\"height: 23px; text-align: center;\">50<\/td>\n<td style=\"height: 23px; text-align: center;\">0,27<\/td>\n<\/tr>\n<\/tbody>\n<\/table>\n<p>&nbsp;<\/p>\n","protected":false},"excerpt":{"rendered":"<p>\u00a0\u00a0\u00a0\u00a0\u00a0\u00a0\u00a0\u00a0\u00a0\u00a0\u00a0\u00a0\u00a0\u00a0\u00a0\u00a0 Obujmica je cevni element gromobranske instalacije koji slu\u017ei za pri\u010dvr\u0161\u0107ivanje gromobranskih vodova za cevi razli\u010ditih cevovoda u zgradama i drugim objektima. Univerzalna je, tj mo\u017ee se koristiti i za pljosnate i za okrugle provodnike. Za\u0161tita od korozije je izvr\u0161ena galvanskim cinkovanjem, a po \u017eelji kupca radimo i toplo cinkovanje. Kodni broj D mm Pakovanje [&hellip;]<\/p>\n","protected":false},"featured_media":265784,"comment_status":"closed","ping_status":"closed","template":"","meta":[],"product_brand":[],"product_cat":[199],"product_tag":[],"class_list":{"0":"post-5187","1":"product","2":"type-product","3":"status-publish","4":"has-post-thumbnail","6":"product_cat-cevi","8":"first","9":"instock","10":"shipping-taxable","11":"product-type-simple"},"_links":{"self":[{"href":"https:\/\/www.feman.net\/eng\/index.php?rest_route=\/wp\/v2\/product\/5187","targetHints":{"allow":["GET"]}}],"collection":[{"href":"https:\/\/www.feman.net\/eng\/index.php?rest_route=\/wp\/v2\/product"}],"about":[{"href":"https:\/\/www.feman.net\/eng\/index.php?rest_route=\/wp\/v2\/types\/product"}],"replies":[{"embeddable":true,"href":"https:\/\/www.feman.net\/eng\/index.php?rest_route=%2Fwp%2Fv2%2Fcomments&post=5187"}],"wp:featuredmedia":[{"embeddable":true,"href":"https:\/\/www.feman.net\/eng\/index.php?rest_route=\/wp\/v2\/media\/265784"}],"wp:attachment":[{"href":"https:\/\/www.feman.net\/eng\/index.php?rest_route=%2Fwp%2Fv2%2Fmedia&parent=5187"}],"wp:term":[{"taxonomy":"product_brand","embeddable":true,"href":"https:\/\/www.feman.net\/eng\/index.php?rest_route=%2Fwp%2Fv2%2Fproduct_brand&post=5187"},{"taxonomy":"product_cat","embeddable":true,"href":"https:\/\/www.feman.net\/eng\/index.php?rest_route=%2Fwp%2Fv2%2Fproduct_cat&post=5187"},{"taxonomy":"product_tag","embeddable":true,"href":"https:\/\/www.feman.net\/eng\/index.php?rest_route=%2Fwp%2Fv2%2Fproduct_tag&post=5187"}],"curies":[{"name":"wp","href":"https:\/\/api.w.org\/{rel}","templated":true}]}}