{"id":5189,"date":"2015-04-28T09:29:12","date_gmt":"2015-04-28T09:29:12","guid":{"rendered":"http:\/\/www.feman.co.rs\/?p=5189"},"modified":"2022-11-23T19:30:47","modified_gmt":"2022-11-23T19:30:47","slug":"zavrtanj-za-uzemljenje-m16x40","status":"publish","type":"product","link":"https:\/\/www.feman.net\/eng\/?product=zavrtanj-za-uzemljenje-m16x40","title":{"rendered":"ZAVRTANJ ZA UZEMLJENJE M16x40"},"content":{"rendered":"<p><img loading=\"lazy\" decoding=\"async\" class=\" wp-image-269373 alignnone\" src=\"http:\/\/www.feman.net\/wp-content\/uploads\/2015\/04\/11.jpg\" alt=\"\" width=\"294\" height=\"224\" srcset=\"https:\/\/www.feman.net\/eng\/wp-content\/uploads\/2015\/04\/11.jpg 512w, https:\/\/www.feman.net\/eng\/wp-content\/uploads\/2015\/04\/11-300x229.jpg 300w, https:\/\/www.feman.net\/eng\/wp-content\/uploads\/2015\/04\/11-200x152.jpg 200w, https:\/\/www.feman.net\/eng\/wp-content\/uploads\/2015\/04\/11-480x366.jpg 480w\" sizes=\"(max-width: 294px) 100vw, 294px\" \/><\/p>\n<p>Slu\u017ei za povezivanje uzemljenja betonskih i \u010deli\u010dnih stubova.<\/p>\n<ul>\n<li><strong>Pakovanje: 50 kom<\/strong><\/li>\n<li><strong>Te\u017eina: 8,1 kg\/100 kom\u00a0\u00a0<\/strong><\/li>\n<li><strong>Kodni broj: 5200002<\/strong><\/li>\n<\/ul>\n<p>&nbsp;<\/p>\n<p><span style=\"font-size: 14pt;\"><strong>ODSTOJNI KOMAD ELDS 104\/12<\/strong><\/span><\/p>\n<p><img loading=\"lazy\" decoding=\"async\" class=\"alignnone wp-image-269374\" src=\"http:\/\/www.feman.net\/wp-content\/uploads\/2015\/04\/12-2.jpg\" alt=\"\" width=\"290\" height=\"96\" srcset=\"https:\/\/www.feman.net\/eng\/wp-content\/uploads\/2015\/04\/12-2.jpg 572w, https:\/\/www.feman.net\/eng\/wp-content\/uploads\/2015\/04\/12-2-300x100.jpg 300w, https:\/\/www.feman.net\/eng\/wp-content\/uploads\/2015\/04\/12-2-200x66.jpg 200w, https:\/\/www.feman.net\/eng\/wp-content\/uploads\/2015\/04\/12-2-480x159.jpg 480w\" sizes=\"(max-width: 290px) 100vw, 290px\" \/><\/p>\n<ul>\n<li><strong>Kodni broj: 5200065<\/strong><\/li>\n<\/ul>\n<p><img loading=\"lazy\" decoding=\"async\" class=\"alignnone wp-image-269375\" src=\"http:\/\/www.feman.net\/wp-content\/uploads\/2015\/04\/13-2.jpg\" alt=\"\" width=\"291\" height=\"441\" srcset=\"https:\/\/www.feman.net\/eng\/wp-content\/uploads\/2015\/04\/13-2.jpg 381w, https:\/\/www.feman.net\/eng\/wp-content\/uploads\/2015\/04\/13-2-300x454.jpg 300w, https:\/\/www.feman.net\/eng\/wp-content\/uploads\/2015\/04\/13-2-200x303.jpg 200w\" sizes=\"(max-width: 291px) 100vw, 291px\" \/><\/p>\n<p>&nbsp;<\/p>\n<p>&nbsp;<\/p>\n<p>&nbsp;<\/p>\n<p>&nbsp;<\/p>\n<p>&nbsp;<\/p>\n<p>&nbsp;<\/p>\n<p>&nbsp;<\/p>\n<p>&nbsp;<\/p>\n<p>&nbsp;<\/p>\n<p>&nbsp;<\/p>\n<p>&nbsp;<\/p>\n","protected":false},"excerpt":{"rendered":"<p>Slu\u017ei za povezivanje uzemljenja betonskih i \u010deli\u010dnih stubova. Pakovanje: 50 kom Te\u017eina: 8,1 kg\/100 kom\u00a0\u00a0 Kodni broj: 5200002 &nbsp; ODSTOJNI KOMAD ELDS 104\/12 Kodni broj: 5200065 &nbsp; &nbsp; &nbsp; &nbsp; &nbsp; &nbsp; &nbsp; &nbsp; &nbsp; &nbsp; &nbsp;<\/p>\n","protected":false},"featured_media":264706,"comment_status":"closed","ping_status":"closed","template":"","meta":[],"product_brand":[],"product_cat":[172,182],"product_tag":[],"class_list":{"0":"post-5189","1":"product","2":"type-product","3":"status-publish","4":"has-post-thumbnail","6":"product_cat-oprema-sks-adss","7":"product_cat-oprema-za-uzemljenje","9":"first","10":"instock","11":"shipping-taxable","12":"product-type-simple"},"_links":{"self":[{"href":"https:\/\/www.feman.net\/eng\/index.php?rest_route=\/wp\/v2\/product\/5189","targetHints":{"allow":["GET"]}}],"collection":[{"href":"https:\/\/www.feman.net\/eng\/index.php?rest_route=\/wp\/v2\/product"}],"about":[{"href":"https:\/\/www.feman.net\/eng\/index.php?rest_route=\/wp\/v2\/types\/product"}],"replies":[{"embeddable":true,"href":"https:\/\/www.feman.net\/eng\/index.php?rest_route=%2Fwp%2Fv2%2Fcomments&post=5189"}],"wp:featuredmedia":[{"embeddable":true,"href":"https:\/\/www.feman.net\/eng\/index.php?rest_route=\/wp\/v2\/media\/264706"}],"wp:attachment":[{"href":"https:\/\/www.feman.net\/eng\/index.php?rest_route=%2Fwp%2Fv2%2Fmedia&parent=5189"}],"wp:term":[{"taxonomy":"product_brand","embeddable":true,"href":"https:\/\/www.feman.net\/eng\/index.php?rest_route=%2Fwp%2Fv2%2Fproduct_brand&post=5189"},{"taxonomy":"product_cat","embeddable":true,"href":"https:\/\/www.feman.net\/eng\/index.php?rest_route=%2Fwp%2Fv2%2Fproduct_cat&post=5189"},{"taxonomy":"product_tag","embeddable":true,"href":"https:\/\/www.feman.net\/eng\/index.php?rest_route=%2Fwp%2Fv2%2Fproduct_tag&post=5189"}],"curies":[{"name":"wp","href":"https:\/\/api.w.org\/{rel}","templated":true}]}}