{"id":5191,"date":"2015-04-28T09:29:28","date_gmt":"2015-04-28T09:29:28","guid":{"rendered":"http:\/\/www.feman.co.rs\/?p=5191"},"modified":"2022-11-23T19:36:05","modified_gmt":"2022-11-23T19:36:05","slug":"ukrsni-komad","status":"publish","type":"product","link":"https:\/\/www.feman.net\/eng\/?product=ukrsni-komad","title":{"rendered":"UKRSNI KOMAD"},"content":{"rendered":"<p><img loading=\"lazy\" decoding=\"async\" class=\"alignnone wp-image-269354\" src=\"http:\/\/www.feman.net\/wp-content\/uploads\/2015\/04\/1-3.jpg\" alt=\"\" width=\"406\" height=\"453\" srcset=\"https:\/\/www.feman.net\/eng\/wp-content\/uploads\/2015\/04\/1-3.jpg 638w, https:\/\/www.feman.net\/eng\/wp-content\/uploads\/2015\/04\/1-3-300x335.jpg 300w, https:\/\/www.feman.net\/eng\/wp-content\/uploads\/2015\/04\/1-3-200x223.jpg 200w, https:\/\/www.feman.net\/eng\/wp-content\/uploads\/2015\/04\/1-3-480x536.jpg 480w, https:\/\/www.feman.net\/eng\/wp-content\/uploads\/2015\/04\/1-3-600x670.jpg 600w\" sizes=\"(max-width: 406px) 100vw, 406px\" \/><\/p>\n<p>Izra\u0111en je od \u010deli\u010dnog lima debljine 2,5 mm, i slu\u017ei za povezivanje-nastavljanje uzemljiva\u010dkih traka, za povezivanje uzemljiva\u010dkih traka sa okruglim odvodnicima uzemljiva\u010da. Za\u0161ti\u0107en je cinkovanjem, a po \u017eelji kupca radimo i toplo cinkovanje.<\/p>\n<table style=\"width: 85.1222%; height: 177px;\">\n<tbody>\n<tr style=\"background-color: #c8e4f7; height: 36px;\">\n<td style=\"height: 36px; text-align: center;\">Kodni broj<\/td>\n<td style=\"height: 36px; text-align: center;\">Tip<\/td>\n<td style=\"height: 36px; text-align: center;\">A<\/td>\n<td style=\"height: 36px; text-align: center;\">Pakovanje kom<\/td>\n<td style=\"height: 36px; text-align: center;\">Te\u017eina kg\/100kom<\/td>\n<\/tr>\n<tr style=\"height: 36px;\">\n<td style=\"text-align: center; height: 20px;\">5200010<\/td>\n<td style=\"text-align: center; height: 20px;\">Ukrsni komad sa me\u0111uplo\u010dom ( 60 )<\/td>\n<td style=\"text-align: center; height: 20px;\">60<\/td>\n<td style=\"text-align: center; height: 20px;\">25<\/td>\n<td style=\"text-align: center; height: 20px;\">30,0<\/td>\n<\/tr>\n<tr style=\"height: 36px;\">\n<td style=\"text-align: center; height: 22px;\">5200015<\/td>\n<td style=\"text-align: center; height: 22px;\">Ukrsni komad bez me\u0111uplo\u010de ( 60 )<\/td>\n<td style=\"text-align: center; height: 22px;\">60<\/td>\n<td style=\"text-align: center; height: 22px;\">25<\/td>\n<td style=\"text-align: center; height: 22px;\">22,5<\/td>\n<\/tr>\n<tr style=\"height: 36px;\">\n<td style=\"text-align: center; height: 10px;\">5200016<\/td>\n<td style=\"text-align: center; height: 10px;\">Ukrsni komad sa me\u0111uplo\u010dom uze-uze ( 60 )<\/td>\n<td style=\"text-align: center; height: 10px;\">60<\/td>\n<td style=\"text-align: center; height: 10px;\">25<\/td>\n<td style=\"text-align: center; height: 10px;\">30,0<\/td>\n<\/tr>\n<tr style=\"height: 36px;\">\n<td style=\"text-align: center; height: 12px;\">5200020<\/td>\n<td style=\"text-align: center; height: 12px;\">Ukrsni komad sa me\u0111uplo\u010dom \u0161ina-uze ( 60 )<\/td>\n<td style=\"text-align: center; height: 12px;\">60<\/td>\n<td style=\"text-align: center; height: 12px;\">25<\/td>\n<td style=\"text-align: center; height: 12px;\">30,0<\/td>\n<\/tr>\n<tr style=\"height: 36px;\">\n<td style=\"text-align: center; height: 15px;\">5200021<\/td>\n<td style=\"text-align: center; height: 15px;\">Ukrsni komad bez me\u0111uplo\u010dom uze-uze ( 60 )<\/td>\n<td style=\"text-align: center; height: 15px;\">60<\/td>\n<td style=\"text-align: center; height: 15px;\">25<\/td>\n<td style=\"text-align: center; height: 15px;\">22,5<\/td>\n<\/tr>\n<tr style=\"height: 36px;\">\n<td style=\"text-align: center; height: 15px;\">5200027<\/td>\n<td style=\"text-align: center; height: 15px;\">Ukrsni komad sa me\u0111uplo\u010dom uze-uze ( 80 )<\/td>\n<td style=\"text-align: center; height: 15px;\">80<\/td>\n<td style=\"text-align: center; height: 15px;\">25<\/td>\n<td style=\"text-align: center; height: 15px;\">54,2<\/td>\n<\/tr>\n<tr style=\"height: 36px;\">\n<td style=\"text-align: center; height: 10px;\">5200028<\/td>\n<td style=\"text-align: center; height: 10px;\">Ukrsni komad sa me\u0111uplo\u010dom ( 80 )<\/td>\n<td style=\"text-align: center; height: 10px;\">80<\/td>\n<td style=\"text-align: center; height: 10px;\">25<\/td>\n<td style=\"text-align: center; height: 10px;\">54,2<\/td>\n<\/tr>\n<tr style=\"height: 29px;\">\n<td style=\"text-align: center; height: 15px;\">5200029<\/td>\n<td style=\"text-align: center; height: 15px;\">Ukrsni komad sa me\u0111uplo\u010dom \u0161ina-uze ( 80 )<\/td>\n<td style=\"text-align: center; height: 15px;\">80<\/td>\n<td style=\"text-align: center; height: 15px;\">25<\/td>\n<td style=\"text-align: center; height: 15px;\">54,2<\/td>\n<\/tr>\n<\/tbody>\n<\/table>\n<p>&nbsp;<\/p>\n","protected":false},"excerpt":{"rendered":"<p>Izra\u0111en je od \u010deli\u010dnog lima debljine 2,5 mm, i slu\u017ei za povezivanje-nastavljanje uzemljiva\u010dkih traka, za povezivanje uzemljiva\u010dkih traka sa okruglim odvodnicima uzemljiva\u010da. Za\u0161ti\u0107en je cinkovanjem, a po \u017eelji kupca radimo i toplo cinkovanje. Kodni broj Tip A Pakovanje kom Te\u017eina kg\/100kom 5200010 Ukrsni komad sa me\u0111uplo\u010dom ( 60 ) 60 25 30,0 5200015 Ukrsni komad [&hellip;]<\/p>\n","protected":false},"featured_media":269355,"comment_status":"closed","ping_status":"closed","template":"","meta":[],"product_brand":[],"product_cat":[203,182],"product_tag":[],"class_list":{"0":"post-5191","1":"product","2":"type-product","3":"status-publish","4":"has-post-thumbnail","6":"product_cat-instalacioni-pribor-ostalo","7":"product_cat-oprema-za-uzemljenje","9":"first","10":"instock","11":"shipping-taxable","12":"product-type-simple"},"_links":{"self":[{"href":"https:\/\/www.feman.net\/eng\/index.php?rest_route=\/wp\/v2\/product\/5191","targetHints":{"allow":["GET"]}}],"collection":[{"href":"https:\/\/www.feman.net\/eng\/index.php?rest_route=\/wp\/v2\/product"}],"about":[{"href":"https:\/\/www.feman.net\/eng\/index.php?rest_route=\/wp\/v2\/types\/product"}],"replies":[{"embeddable":true,"href":"https:\/\/www.feman.net\/eng\/index.php?rest_route=%2Fwp%2Fv2%2Fcomments&post=5191"}],"wp:featuredmedia":[{"embeddable":true,"href":"https:\/\/www.feman.net\/eng\/index.php?rest_route=\/wp\/v2\/media\/269355"}],"wp:attachment":[{"href":"https:\/\/www.feman.net\/eng\/index.php?rest_route=%2Fwp%2Fv2%2Fmedia&parent=5191"}],"wp:term":[{"taxonomy":"product_brand","embeddable":true,"href":"https:\/\/www.feman.net\/eng\/index.php?rest_route=%2Fwp%2Fv2%2Fproduct_brand&post=5191"},{"taxonomy":"product_cat","embeddable":true,"href":"https:\/\/www.feman.net\/eng\/index.php?rest_route=%2Fwp%2Fv2%2Fproduct_cat&post=5191"},{"taxonomy":"product_tag","embeddable":true,"href":"https:\/\/www.feman.net\/eng\/index.php?rest_route=%2Fwp%2Fv2%2Fproduct_tag&post=5191"}],"curies":[{"name":"wp","href":"https:\/\/api.w.org\/{rel}","templated":true}]}}