{"id":5193,"date":"2015-04-28T09:29:47","date_gmt":"2015-04-28T09:29:47","guid":{"rendered":"http:\/\/www.feman.co.rs\/?p=5193"},"modified":"2022-11-23T19:37:22","modified_gmt":"2022-11-23T19:37:22","slug":"stezaljka-za-uzemljenje-stubova-sa-okruglim-provodnicima-veca","status":"publish","type":"product","link":"https:\/\/www.feman.net\/eng\/?product=stezaljka-za-uzemljenje-stubova-sa-okruglim-provodnicima-veca","title":{"rendered":"STEZALJKA ZA UZEMLJENJE STUBOVA SA OKRUGLIM PROVODNICIMA &#8211; VE\u0106A"},"content":{"rendered":"<p><img loading=\"lazy\" decoding=\"async\" class=\"wp-image-269357 alignnone\" src=\"http:\/\/www.feman.net\/wp-content\/uploads\/2015\/04\/3-1.jpg\" alt=\"\" width=\"430\" height=\"303\" srcset=\"https:\/\/www.feman.net\/eng\/wp-content\/uploads\/2015\/04\/3-1.jpg 628w, https:\/\/www.feman.net\/eng\/wp-content\/uploads\/2015\/04\/3-1-300x212.jpg 300w, https:\/\/www.feman.net\/eng\/wp-content\/uploads\/2015\/04\/3-1-200x141.jpg 200w, https:\/\/www.feman.net\/eng\/wp-content\/uploads\/2015\/04\/3-1-480x339.jpg 480w, https:\/\/www.feman.net\/eng\/wp-content\/uploads\/2015\/04\/3-1-600x423.jpg 600w\" sizes=\"(max-width: 430px) 100vw, 430px\" \/><\/p>\n<p>&#8220;Feman&#8221; stezaljke izra\u0111ene su tako da ostvaruju izuzetno \u010dvrst spoj \u010dime je onemogu\u0107en prekid galvanske veze kao i \u010dupanje provodnika usled dejstva elektrodinami\u010dkih sila ili iznenadnih mehani\u010dkih naprezanja. Stezaljke su namenjene za pri\u010dvr\u0161\u0107ivanje okruglih provodnika za uzemljenje ili za me\u0111usobno spajanje dva provodnika.<\/p>\n<table style=\"height: 65px; width: 70.7954%;\" width=\"711\">\n<tbody>\n<tr style=\"height: 22px; background-color: #c8e4f7;\">\n<td style=\"text-align: center; height: 22px;\">Kodni broj<\/td>\n<td style=\"text-align: center; height: 22px;\">Tip<\/td>\n<td style=\"text-align: center; height: 22px;\">Pakovanje kom<\/td>\n<td style=\"text-align: center; height: 22px;\">Te\u017eina kg\/100kom<\/td>\n<\/tr>\n<tr style=\"height: 47px;\">\n<td style=\"text-align: center; height: 23px;\">5200032<\/td>\n<td style=\"text-align: center; height: 23px;\">Stezaljka za uzemljenje &#8211; \u010ce ( dvostruka )<\/td>\n<td style=\"text-align: center; height: 23px;\">30<\/td>\n<td style=\"text-align: center; height: 23px;\">63<\/td>\n<\/tr>\n<tr style=\"height: 47px;\">\n<td style=\"text-align: center; height: 20px;\">5200036<\/td>\n<td style=\"text-align: center; height: 20px;\">Stezaljka za uzemljenje &#8211; Ms ( dvostruka )<\/td>\n<td style=\"text-align: center; height: 20px;\">30<\/td>\n<td style=\"text-align: center; height: 20px;\">70<\/td>\n<\/tr>\n<\/tbody>\n<\/table>\n<p>&nbsp;<\/p>\n","protected":false},"excerpt":{"rendered":"<p>&#8220;Feman&#8221; stezaljke izra\u0111ene su tako da ostvaruju izuzetno \u010dvrst spoj \u010dime je onemogu\u0107en prekid galvanske veze kao i \u010dupanje provodnika usled dejstva elektrodinami\u010dkih sila ili iznenadnih mehani\u010dkih naprezanja. Stezaljke su namenjene za pri\u010dvr\u0161\u0107ivanje okruglih provodnika za uzemljenje ili za me\u0111usobno spajanje dva provodnika. Kodni broj Tip Pakovanje kom Te\u017eina kg\/100kom 5200032 Stezaljka za uzemljenje &#8211; [&hellip;]<\/p>\n","protected":false},"featured_media":264702,"comment_status":"closed","ping_status":"closed","template":"","meta":[],"product_brand":[],"product_cat":[172,182],"product_tag":[],"class_list":{"0":"post-5193","1":"product","2":"type-product","3":"status-publish","4":"has-post-thumbnail","6":"product_cat-oprema-sks-adss","7":"product_cat-oprema-za-uzemljenje","9":"first","10":"instock","11":"shipping-taxable","12":"product-type-simple"},"_links":{"self":[{"href":"https:\/\/www.feman.net\/eng\/index.php?rest_route=\/wp\/v2\/product\/5193","targetHints":{"allow":["GET"]}}],"collection":[{"href":"https:\/\/www.feman.net\/eng\/index.php?rest_route=\/wp\/v2\/product"}],"about":[{"href":"https:\/\/www.feman.net\/eng\/index.php?rest_route=\/wp\/v2\/types\/product"}],"replies":[{"embeddable":true,"href":"https:\/\/www.feman.net\/eng\/index.php?rest_route=%2Fwp%2Fv2%2Fcomments&post=5193"}],"wp:featuredmedia":[{"embeddable":true,"href":"https:\/\/www.feman.net\/eng\/index.php?rest_route=\/wp\/v2\/media\/264702"}],"wp:attachment":[{"href":"https:\/\/www.feman.net\/eng\/index.php?rest_route=%2Fwp%2Fv2%2Fmedia&parent=5193"}],"wp:term":[{"taxonomy":"product_brand","embeddable":true,"href":"https:\/\/www.feman.net\/eng\/index.php?rest_route=%2Fwp%2Fv2%2Fproduct_brand&post=5193"},{"taxonomy":"product_cat","embeddable":true,"href":"https:\/\/www.feman.net\/eng\/index.php?rest_route=%2Fwp%2Fv2%2Fproduct_cat&post=5193"},{"taxonomy":"product_tag","embeddable":true,"href":"https:\/\/www.feman.net\/eng\/index.php?rest_route=%2Fwp%2Fv2%2Fproduct_tag&post=5193"}],"curies":[{"name":"wp","href":"https:\/\/api.w.org\/{rel}","templated":true}]}}