{"id":5197,"date":"2015-04-28T09:30:25","date_gmt":"2015-04-28T09:30:25","guid":{"rendered":"http:\/\/www.feman.co.rs\/?p=5197"},"modified":"2022-11-23T19:36:24","modified_gmt":"2022-11-23T19:36:24","slug":"stezaljka-za-uzemljivacku-sondu-12-34","status":"publish","type":"product","link":"https:\/\/www.feman.net\/eng\/?product=stezaljka-za-uzemljivacku-sondu-12-34","title":{"rendered":"STEZALJKA ZA UZEMLJIVA\u010cKU SONDU 1\/2-3\/4&#8243;"},"content":{"rendered":"<p><a href=\"http:\/\/www.feman.net\/wp-content\/uploads\/2015\/04\/13-7.png\"><img loading=\"lazy\" decoding=\"async\" src=\"http:\/\/www.feman.net\/wp-content\/uploads\/2015\/04\/13-7.png\" alt=\"STEZALJKA ZA UZEMLJIVA\u010cKU SONDU 1\/2-3\/4&quot;\" width=\"248\" height=\"156\" \/><\/a><a href=\"http:\/\/www.feman.net\/wp-content\/uploads\/2015\/04\/13-8.png\"> \u00a0\u00a0\u00a0\u00a0\u00a0\u00a0\u00a0\u00a0\u00a0 <img loading=\"lazy\" decoding=\"async\" class=\"\" src=\"http:\/\/www.feman.net\/wp-content\/uploads\/2015\/04\/13-8.png\" alt=\"STEZALJKA ZA UZEMLJIVA\u010cKU SONDU 1\/2-3\/4&quot;\" width=\"247\" height=\"128\" \/><\/a><\/p>\n<p>&#8220;Feman&#8221; stezaljka za uzemljiva\u010dku sondu 1\/2-3\/4 odlikuje se visokim kvalitetom izrade kompaktnim i pouzdanim spojem zemljovoda i uzemljiva\u010da. Koristi se za spajanje zemljovoda sa dubinskim nastavnim uzemljiva\u010dem.<\/p>\n<ul>\n<li>Pakovanje: 100 kom<\/li>\n<li>Te\u017eina: 35 kg\/100kom.<\/li>\n<li>Kodni broj: 5200060<\/li>\n<\/ul>\n<p>&nbsp;<\/p>\n<p>&nbsp;<\/p>\n","protected":false},"excerpt":{"rendered":"<p>\u00a0\u00a0\u00a0\u00a0\u00a0\u00a0\u00a0\u00a0\u00a0 &#8220;Feman&#8221; stezaljka za uzemljiva\u010dku sondu 1\/2-3\/4 odlikuje se visokim kvalitetom izrade kompaktnim i pouzdanim spojem zemljovoda i uzemljiva\u010da. Koristi se za spajanje zemljovoda sa dubinskim nastavnim uzemljiva\u010dem. Pakovanje: 100 kom Te\u017eina: 35 kg\/100kom. Kodni broj: 5200060 &nbsp; &nbsp;<\/p>\n","protected":false},"featured_media":264704,"comment_status":"closed","ping_status":"closed","template":"","meta":[],"product_brand":[],"product_cat":[172,182],"product_tag":[],"class_list":{"0":"post-5197","1":"product","2":"type-product","3":"status-publish","4":"has-post-thumbnail","6":"product_cat-oprema-sks-adss","7":"product_cat-oprema-za-uzemljenje","9":"first","10":"instock","11":"shipping-taxable","12":"product-type-simple"},"_links":{"self":[{"href":"https:\/\/www.feman.net\/eng\/index.php?rest_route=\/wp\/v2\/product\/5197","targetHints":{"allow":["GET"]}}],"collection":[{"href":"https:\/\/www.feman.net\/eng\/index.php?rest_route=\/wp\/v2\/product"}],"about":[{"href":"https:\/\/www.feman.net\/eng\/index.php?rest_route=\/wp\/v2\/types\/product"}],"replies":[{"embeddable":true,"href":"https:\/\/www.feman.net\/eng\/index.php?rest_route=%2Fwp%2Fv2%2Fcomments&post=5197"}],"wp:featuredmedia":[{"embeddable":true,"href":"https:\/\/www.feman.net\/eng\/index.php?rest_route=\/wp\/v2\/media\/264704"}],"wp:attachment":[{"href":"https:\/\/www.feman.net\/eng\/index.php?rest_route=%2Fwp%2Fv2%2Fmedia&parent=5197"}],"wp:term":[{"taxonomy":"product_brand","embeddable":true,"href":"https:\/\/www.feman.net\/eng\/index.php?rest_route=%2Fwp%2Fv2%2Fproduct_brand&post=5197"},{"taxonomy":"product_cat","embeddable":true,"href":"https:\/\/www.feman.net\/eng\/index.php?rest_route=%2Fwp%2Fv2%2Fproduct_cat&post=5197"},{"taxonomy":"product_tag","embeddable":true,"href":"https:\/\/www.feman.net\/eng\/index.php?rest_route=%2Fwp%2Fv2%2Fproduct_tag&post=5197"}],"curies":[{"name":"wp","href":"https:\/\/api.w.org\/{rel}","templated":true}]}}