{"id":783,"date":"2015-03-24T13:28:09","date_gmt":"2015-03-24T13:28:09","guid":{"rendered":"http:\/\/feman.net\/?p=783"},"modified":"2022-01-28T15:47:04","modified_gmt":"2022-01-28T15:47:04","slug":"mro-4h-1200x665x235-slobodno-stojeci-uzemni-orman","status":"publish","type":"product","link":"https:\/\/www.feman.net\/eng\/?product=mro-4h-1200x665x235-slobodno-stojeci-uzemni-orman","title":{"rendered":"MRO4H 1200x665x235 SLOBODNO STOJECI &#8211; UZEMNI ORMAN"},"content":{"rendered":"<p>&nbsp;<\/p>\n<p>U gornjem delu poliesterskog uzemnog postolja na zehtev kupca izra\u0111ujemo posebni prednji deo sa vratima i bravom za ugradnju osigura\u010da i prekida\u010da do 400A.<\/p>\n<p>&nbsp;<\/p>\n<p><a href=\"http:\/\/www.feman.net\/wp-content\/uploads\/2015\/04\/12-001.png\"><img loading=\"lazy\" decoding=\"async\" class=\"  aligncenter wp-image-3610\" src=\"http:\/\/www.feman.net\/wp-content\/uploads\/2015\/04\/12-001-560x1024.png\" alt=\"MRO4H 1200x665x235 SLOBODNO STOJECI - UZEMNI ORMAN\" width=\"292\" height=\"534\" srcset=\"https:\/\/www.feman.net\/eng\/wp-content\/uploads\/2015\/04\/12-001-560x1024.png 560w, https:\/\/www.feman.net\/eng\/wp-content\/uploads\/2015\/04\/12-001-300x548.png 300w, https:\/\/www.feman.net\/eng\/wp-content\/uploads\/2015\/04\/12-001-600x1096.png 600w, https:\/\/www.feman.net\/eng\/wp-content\/uploads\/2015\/04\/12-001-164x300.png 164w, https:\/\/www.feman.net\/eng\/wp-content\/uploads\/2015\/04\/12-001-150x274.png 150w, https:\/\/www.feman.net\/eng\/wp-content\/uploads\/2015\/04\/12-001.png 740w\" sizes=\"(max-width: 292px) 100vw, 292px\" \/><\/a><\/p>\n","protected":false},"excerpt":{"rendered":"<p>&nbsp; U gornjem delu poliesterskog uzemnog postolja na zehtev kupca izra\u0111ujemo posebni prednji deo sa vratima i bravom za ugradnju osigura\u010da i prekida\u010da do 400A. &nbsp;<\/p>\n","protected":false},"featured_media":0,"comment_status":"closed","ping_status":"closed","template":"","meta":[],"product_brand":[],"product_cat":[186,185],"product_tag":[],"class_list":{"0":"post-783","1":"product","2":"type-product","3":"status-publish","5":"product_cat-merni-ormani","6":"product_cat-merno-razvodni-ormani","8":"first","9":"instock","10":"shipping-taxable","11":"product-type-simple"},"_links":{"self":[{"href":"https:\/\/www.feman.net\/eng\/index.php?rest_route=\/wp\/v2\/product\/783","targetHints":{"allow":["GET"]}}],"collection":[{"href":"https:\/\/www.feman.net\/eng\/index.php?rest_route=\/wp\/v2\/product"}],"about":[{"href":"https:\/\/www.feman.net\/eng\/index.php?rest_route=\/wp\/v2\/types\/product"}],"replies":[{"embeddable":true,"href":"https:\/\/www.feman.net\/eng\/index.php?rest_route=%2Fwp%2Fv2%2Fcomments&post=783"}],"wp:attachment":[{"href":"https:\/\/www.feman.net\/eng\/index.php?rest_route=%2Fwp%2Fv2%2Fmedia&parent=783"}],"wp:term":[{"taxonomy":"product_brand","embeddable":true,"href":"https:\/\/www.feman.net\/eng\/index.php?rest_route=%2Fwp%2Fv2%2Fproduct_brand&post=783"},{"taxonomy":"product_cat","embeddable":true,"href":"https:\/\/www.feman.net\/eng\/index.php?rest_route=%2Fwp%2Fv2%2Fproduct_cat&post=783"},{"taxonomy":"product_tag","embeddable":true,"href":"https:\/\/www.feman.net\/eng\/index.php?rest_route=%2Fwp%2Fv2%2Fproduct_tag&post=783"}],"curies":[{"name":"wp","href":"https:\/\/api.w.org\/{rel}","templated":true}]}}