{"id":791,"date":"2015-03-24T13:31:08","date_gmt":"2015-03-24T13:31:08","guid":{"rendered":"http:\/\/feman.net\/?p=791"},"modified":"2022-01-28T15:56:04","modified_gmt":"2022-01-28T15:56:04","slug":"mro2v-320x1055x235-slobodno-stojeci-uzemni-orman","status":"publish","type":"product","link":"https:\/\/www.feman.net\/eng\/?product=mro2v-320x1055x235-slobodno-stojeci-uzemni-orman","title":{"rendered":"MRO2V 320x1055x235    SLOBODNO STOJECI &#8211; UZEMNI ORMAN"},"content":{"rendered":"<p>U gornjem delu poliesterskog uzemnog postolja na zahtev kupca izra\u0111ujemo posebni prednji deo sa vratima i bravo m za ugradnju osigura\u010da i prekida\u010da do 400A.<\/p>\n<p>&nbsp;<\/p>\n<p><a href=\"http:\/\/www.feman.net\/wp-content\/uploads\/2015\/04\/12-5.png\"><img loading=\"lazy\" decoding=\"async\" class=\"alignnone wp-image-3616\" src=\"http:\/\/www.feman.net\/wp-content\/uploads\/2015\/04\/12-5-195x1024.png\" alt=\"MRO2V 320x1055x235    SLOBODNO STOJECI - UZEMNI ORMAN\" width=\"158\" height=\"830\" srcset=\"https:\/\/www.feman.net\/eng\/wp-content\/uploads\/2015\/04\/12-5-195x1024.png 195w, https:\/\/www.feman.net\/eng\/wp-content\/uploads\/2015\/04\/12-5-57x300.png 57w\" sizes=\"(max-width: 158px) 100vw, 158px\" \/><\/a><a href=\"http:\/\/www.feman.net\/wp-content\/uploads\/2015\/04\/12-6.png\"><img loading=\"lazy\" decoding=\"async\" class=\"  alignright wp-image-3617\" src=\"http:\/\/www.feman.net\/wp-content\/uploads\/2015\/04\/12-6-225x1024.png\" alt=\"MRO2V 320x1055x235    SLOBODNO STOJECI - UZEMNI ORMAN\" width=\"183\" height=\"833\" srcset=\"https:\/\/www.feman.net\/eng\/wp-content\/uploads\/2015\/04\/12-6-225x1024.png 225w, https:\/\/www.feman.net\/eng\/wp-content\/uploads\/2015\/04\/12-6-66x300.png 66w, https:\/\/www.feman.net\/eng\/wp-content\/uploads\/2015\/04\/12-6-150x683.png 150w, https:\/\/www.feman.net\/eng\/wp-content\/uploads\/2015\/04\/12-6.png 282w\" sizes=\"(max-width: 183px) 100vw, 183px\" \/><\/a><\/p>\n<p>&nbsp;<\/p>\n","protected":false},"excerpt":{"rendered":"<p>U gornjem delu poliesterskog uzemnog postolja na zahtev kupca izra\u0111ujemo posebni prednji deo sa vratima i bravo m za ugradnju osigura\u010da i prekida\u010da do 400A. &nbsp; &nbsp;<\/p>\n","protected":false},"featured_media":0,"comment_status":"closed","ping_status":"closed","template":"","meta":[],"product_brand":[],"product_cat":[186,185,188],"product_tag":[],"class_list":{"0":"post-791","1":"product","2":"type-product","3":"status-publish","5":"product_cat-merni-ormani","6":"product_cat-merno-razvodni-ormani","7":"product_cat-mro2","9":"first","10":"instock","11":"shipping-taxable","12":"product-type-simple"},"_links":{"self":[{"href":"https:\/\/www.feman.net\/eng\/index.php?rest_route=\/wp\/v2\/product\/791","targetHints":{"allow":["GET"]}}],"collection":[{"href":"https:\/\/www.feman.net\/eng\/index.php?rest_route=\/wp\/v2\/product"}],"about":[{"href":"https:\/\/www.feman.net\/eng\/index.php?rest_route=\/wp\/v2\/types\/product"}],"replies":[{"embeddable":true,"href":"https:\/\/www.feman.net\/eng\/index.php?rest_route=%2Fwp%2Fv2%2Fcomments&post=791"}],"wp:attachment":[{"href":"https:\/\/www.feman.net\/eng\/index.php?rest_route=%2Fwp%2Fv2%2Fmedia&parent=791"}],"wp:term":[{"taxonomy":"product_brand","embeddable":true,"href":"https:\/\/www.feman.net\/eng\/index.php?rest_route=%2Fwp%2Fv2%2Fproduct_brand&post=791"},{"taxonomy":"product_cat","embeddable":true,"href":"https:\/\/www.feman.net\/eng\/index.php?rest_route=%2Fwp%2Fv2%2Fproduct_cat&post=791"},{"taxonomy":"product_tag","embeddable":true,"href":"https:\/\/www.feman.net\/eng\/index.php?rest_route=%2Fwp%2Fv2%2Fproduct_tag&post=791"}],"curies":[{"name":"wp","href":"https:\/\/api.w.org\/{rel}","templated":true}]}}