{"id":813,"date":"2015-03-24T13:39:31","date_gmt":"2015-03-24T13:39:31","guid":{"rendered":"http:\/\/feman.net\/?p=813"},"modified":"2022-01-28T15:53:53","modified_gmt":"2022-01-28T15:53:53","slug":"mro6-920x1055x235-vrste-montaze-ormana-stubni-nazidni-i-uzidni-2","status":"publish","type":"product","link":"https:\/\/www.feman.net\/eng\/?product=mro6-920x1055x235-vrste-montaze-ormana-stubni-nazidni-i-uzidni-2","title":{"rendered":"MRO6 920x1055x235   VRSTE MONTAZE ORMANA : STUBNI, NAZIDNI I UZIDNI"},"content":{"rendered":"<p><a href=\"http:\/\/www.feman.net\/wp-content\/uploads\/2015\/03\/21-11.png\"><img loading=\"lazy\" decoding=\"async\" class=\"alignnone wp-image-1578 \" src=\"http:\/\/www.feman.net\/wp-content\/uploads\/2015\/03\/21-11.png\" alt=\"21-1\" width=\"229\" height=\"341\" srcset=\"https:\/\/www.feman.net\/eng\/wp-content\/uploads\/2015\/03\/21-11.png 310w, https:\/\/www.feman.net\/eng\/wp-content\/uploads\/2015\/03\/21-11-300x447.png 300w, https:\/\/www.feman.net\/eng\/wp-content\/uploads\/2015\/03\/21-11-201x300.png 201w, https:\/\/www.feman.net\/eng\/wp-content\/uploads\/2015\/03\/21-11-150x224.png 150w\" sizes=\"(max-width: 229px) 100vw, 229px\" \/><\/a><a href=\"http:\/\/www.feman.net\/wp-content\/uploads\/2015\/03\/21-1-1.png\"><img loading=\"lazy\" decoding=\"async\" class=\"alignnone wp-image-1579 \" src=\"http:\/\/www.feman.net\/wp-content\/uploads\/2015\/03\/21-1-1.png\" alt=\"21-1-1\" width=\"224\" height=\"303\" srcset=\"https:\/\/www.feman.net\/eng\/wp-content\/uploads\/2015\/03\/21-1-1.png 482w, https:\/\/www.feman.net\/eng\/wp-content\/uploads\/2015\/03\/21-1-1-300x406.png 300w, https:\/\/www.feman.net\/eng\/wp-content\/uploads\/2015\/03\/21-1-1-221x300.png 221w, https:\/\/www.feman.net\/eng\/wp-content\/uploads\/2015\/03\/21-1-1-150x203.png 150w\" sizes=\"(max-width: 224px) 100vw, 224px\" \/><\/a><\/p>\n<p><span style=\"font-size: 14pt;\">ORMANI ZA MONTA\u017dU NA STUB SA LE\u0110NIM NOSA\u010cIMA<\/span><\/p>\n<p>&nbsp;<\/p>\n<p><a href=\"http:\/\/www.feman.net\/wp-content\/uploads\/2015\/03\/21-21.png\"><img loading=\"lazy\" decoding=\"async\" class=\"alignnone wp-image-1580 \" src=\"http:\/\/www.feman.net\/wp-content\/uploads\/2015\/03\/21-21-768x1024.png\" alt=\"21-2\" width=\"267\" height=\"356\" srcset=\"https:\/\/www.feman.net\/eng\/wp-content\/uploads\/2015\/03\/21-21-768x1024.png 768w, https:\/\/www.feman.net\/eng\/wp-content\/uploads\/2015\/03\/21-21-300x400.png 300w, https:\/\/www.feman.net\/eng\/wp-content\/uploads\/2015\/03\/21-21-600x800.png 600w, https:\/\/www.feman.net\/eng\/wp-content\/uploads\/2015\/03\/21-21-225x300.png 225w, https:\/\/www.feman.net\/eng\/wp-content\/uploads\/2015\/03\/21-21-150x200.png 150w, https:\/\/www.feman.net\/eng\/wp-content\/uploads\/2015\/03\/21-21.png 800w\" sizes=\"(max-width: 267px) 100vw, 267px\" \/><\/a><a href=\"http:\/\/www.feman.net\/wp-content\/uploads\/2015\/03\/21-2-2.png\"><img loading=\"lazy\" decoding=\"async\" class=\"alignnone wp-image-1581 \" src=\"http:\/\/www.feman.net\/wp-content\/uploads\/2015\/03\/21-2-2.png\" alt=\"21-2-2\" width=\"253\" height=\"343\" srcset=\"https:\/\/www.feman.net\/eng\/wp-content\/uploads\/2015\/03\/21-2-2.png 483w, https:\/\/www.feman.net\/eng\/wp-content\/uploads\/2015\/03\/21-2-2-300x407.png 300w, https:\/\/www.feman.net\/eng\/wp-content\/uploads\/2015\/03\/21-2-2-221x300.png 221w, https:\/\/www.feman.net\/eng\/wp-content\/uploads\/2015\/03\/21-2-2-150x203.png 150w\" sizes=\"(max-width: 253px) 100vw, 253px\" \/><\/a><\/p>\n<p><span style=\"font-size: 14pt;\">ORMANI ZA MONTA\u017dU NA ZID SA KOSIM KROVOM<\/span><\/p>\n<p>&nbsp;<\/p>\n<p><a href=\"http:\/\/www.feman.net\/wp-content\/uploads\/2015\/03\/21-31.png\"><img loading=\"lazy\" decoding=\"async\" class=\"alignnone wp-image-1582 \" src=\"http:\/\/www.feman.net\/wp-content\/uploads\/2015\/03\/21-31.png\" alt=\"21-3\" width=\"274\" height=\"396\" srcset=\"https:\/\/www.feman.net\/eng\/wp-content\/uploads\/2015\/03\/21-31.png 504w, https:\/\/www.feman.net\/eng\/wp-content\/uploads\/2015\/03\/21-31-300x433.png 300w, https:\/\/www.feman.net\/eng\/wp-content\/uploads\/2015\/03\/21-31-208x300.png 208w, https:\/\/www.feman.net\/eng\/wp-content\/uploads\/2015\/03\/21-31-150x217.png 150w\" sizes=\"(max-width: 274px) 100vw, 274px\" \/><\/a><a href=\"http:\/\/www.feman.net\/wp-content\/uploads\/2015\/03\/21-3-3.png\"><img loading=\"lazy\" decoding=\"async\" class=\"alignnone wp-image-1583 \" src=\"http:\/\/www.feman.net\/wp-content\/uploads\/2015\/03\/21-3-3.png\" alt=\"21-3-3\" width=\"290\" height=\"386\" srcset=\"https:\/\/www.feman.net\/eng\/wp-content\/uploads\/2015\/03\/21-3-3.png 600w, https:\/\/www.feman.net\/eng\/wp-content\/uploads\/2015\/03\/21-3-3-300x400.png 300w, https:\/\/www.feman.net\/eng\/wp-content\/uploads\/2015\/03\/21-3-3-225x300.png 225w, https:\/\/www.feman.net\/eng\/wp-content\/uploads\/2015\/03\/21-3-3-150x200.png 150w\" sizes=\"(max-width: 290px) 100vw, 290px\" \/><\/a><\/p>\n<p><span style=\"font-size: 14pt;\">ORMANI ZA MONTA\u017dU U ZID BEZ KOSOG KROVA<\/span><\/p>\n","protected":false},"excerpt":{"rendered":"<p>ORMANI ZA MONTA\u017dU NA STUB SA LE\u0110NIM NOSA\u010cIMA &nbsp; ORMANI ZA MONTA\u017dU NA ZID SA KOSIM KROVOM &nbsp; ORMANI ZA MONTA\u017dU U ZID BEZ KOSOG KROVA<\/p>\n","protected":false},"featured_media":0,"comment_status":"closed","ping_status":"closed","template":"","meta":[],"product_brand":[],"product_cat":[186,185],"product_tag":[],"class_list":{"0":"post-813","1":"product","2":"type-product","3":"status-publish","5":"product_cat-merni-ormani","6":"product_cat-merno-razvodni-ormani","8":"first","9":"instock","10":"shipping-taxable","11":"product-type-simple"},"_links":{"self":[{"href":"https:\/\/www.feman.net\/eng\/index.php?rest_route=\/wp\/v2\/product\/813","targetHints":{"allow":["GET"]}}],"collection":[{"href":"https:\/\/www.feman.net\/eng\/index.php?rest_route=\/wp\/v2\/product"}],"about":[{"href":"https:\/\/www.feman.net\/eng\/index.php?rest_route=\/wp\/v2\/types\/product"}],"replies":[{"embeddable":true,"href":"https:\/\/www.feman.net\/eng\/index.php?rest_route=%2Fwp%2Fv2%2Fcomments&post=813"}],"wp:attachment":[{"href":"https:\/\/www.feman.net\/eng\/index.php?rest_route=%2Fwp%2Fv2%2Fmedia&parent=813"}],"wp:term":[{"taxonomy":"product_brand","embeddable":true,"href":"https:\/\/www.feman.net\/eng\/index.php?rest_route=%2Fwp%2Fv2%2Fproduct_brand&post=813"},{"taxonomy":"product_cat","embeddable":true,"href":"https:\/\/www.feman.net\/eng\/index.php?rest_route=%2Fwp%2Fv2%2Fproduct_cat&post=813"},{"taxonomy":"product_tag","embeddable":true,"href":"https:\/\/www.feman.net\/eng\/index.php?rest_route=%2Fwp%2Fv2%2Fproduct_tag&post=813"}],"curies":[{"name":"wp","href":"https:\/\/api.w.org\/{rel}","templated":true}]}}