{"id":821,"date":"2015-03-24T13:42:55","date_gmt":"2015-03-24T13:42:55","guid":{"rendered":"http:\/\/feman.net\/?p=821"},"modified":"2022-01-28T15:53:09","modified_gmt":"2022-01-28T15:53:09","slug":"mro2-510x820x250-modularno-merno-razvodni-orman-od-poliestera","status":"publish","type":"product","link":"https:\/\/www.feman.net\/eng\/?product=mro2-510x820x250-modularno-merno-razvodni-orman-od-poliestera","title":{"rendered":"Merno razvodni orman MRO2 510x820x250"},"content":{"rendered":"<h3>Modularni merno razvodni orman od poliestera MRO2 510x820x250<\/h3>\n<p>Koristi se za monta\u017eu dva merna ure\u0111aja. Za monta\u017eu vi\u0161e mernih ure\u0111aja mogu se nizati jedan pored drugog i jedan iznad drugog.<\/p>\n<p><a href=\"http:\/\/www.feman.net\/wp-content\/uploads\/2015\/04\/24-1.png\"><img loading=\"lazy\" decoding=\"async\" class=\"  alignleft wp-image-3653\" src=\"http:\/\/www.feman.net\/wp-content\/uploads\/2015\/04\/24-1.png\" alt=\"MRO2 510x820x250  MODULARNO MERNO - RAZVODNI ORMAN OD POLIESTERA\" width=\"222\" height=\"348\" srcset=\"https:\/\/www.feman.net\/eng\/wp-content\/uploads\/2015\/04\/24-1.png 626w, https:\/\/www.feman.net\/eng\/wp-content\/uploads\/2015\/04\/24-1-300x471.png 300w, https:\/\/www.feman.net\/eng\/wp-content\/uploads\/2015\/04\/24-1-600x941.png 600w, https:\/\/www.feman.net\/eng\/wp-content\/uploads\/2015\/04\/24-1-191x300.png 191w, https:\/\/www.feman.net\/eng\/wp-content\/uploads\/2015\/04\/24-1-150x235.png 150w\" sizes=\"(max-width: 222px) 100vw, 222px\" \/><\/a> <a href=\"http:\/\/www.feman.net\/wp-content\/uploads\/2015\/04\/24-2.png\"><img loading=\"lazy\" decoding=\"async\" class=\"  alignright wp-image-3654\" src=\"http:\/\/www.feman.net\/wp-content\/uploads\/2015\/04\/24-2-774x1024.png\" alt=\"MRO2 510x820x250  MODULARNO MERNO - RAZVODNI ORMAN OD POLIESTERA\" width=\"285\" height=\"377\" srcset=\"https:\/\/www.feman.net\/eng\/wp-content\/uploads\/2015\/04\/24-2-774x1024.png 774w, https:\/\/www.feman.net\/eng\/wp-content\/uploads\/2015\/04\/24-2-300x397.png 300w, https:\/\/www.feman.net\/eng\/wp-content\/uploads\/2015\/04\/24-2-600x794.png 600w, https:\/\/www.feman.net\/eng\/wp-content\/uploads\/2015\/04\/24-2-227x300.png 227w, https:\/\/www.feman.net\/eng\/wp-content\/uploads\/2015\/04\/24-2-150x198.png 150w, https:\/\/www.feman.net\/eng\/wp-content\/uploads\/2015\/04\/24-2.png 864w\" sizes=\"(max-width: 285px) 100vw, 285px\" \/><\/a><\/p>\n<table style=\"height: 152px;\" width=\"798\">\n<tbody>\n<tr>\n<td>Kodni broj<\/td>\n<td>Na\u010din ugradnje<\/td>\n<td>Tip<\/td>\n<td>Dimenzija mm<\/td>\n<td>Stepen za\u0161tite<\/td>\n<\/tr>\n<tr>\n<td>5086080<\/td>\n<td>Stubni<\/td>\n<td>MRO2-S<\/td>\n<td>510x820x250<\/td>\n<td>IP 54<\/td>\n<\/tr>\n<tr>\n<td>5086081<\/td>\n<td>Zidni<\/td>\n<td>MRO2-Z<\/td>\n<td>510x820x250<\/td>\n<td>IP 54<\/td>\n<\/tr>\n<tr>\n<td>5086082<\/td>\n<td>Uzidni<\/td>\n<td>MRO2-U<\/td>\n<td>510x820x250<\/td>\n<td>IP 54<\/td>\n<\/tr>\n<tr>\n<td>5086085<\/td>\n<td>Slobodnostoje\u0107i nadzemni<\/td>\n<td>MRO2-SSN<\/td>\n<td>510x1640x250<\/td>\n<td>IP 54<\/td>\n<\/tr>\n<\/tbody>\n<\/table>\n<p>Vi\u0161enamenski modularni univerzalni orman izra\u0111ujemo u vi\u0161e varijanti, za monta\u017eu na stub, na zid, u zidu, kao slobodno stoje\u0107i nadzemni i kao slobodno stoje\u0107i uzemni. Ormani su izra\u0111eni od poliestera.<\/p>\n<p><span style=\"text-decoration: underline;\">T<\/span><span style=\"text-decoration: underline;\">ehni\u010dki o pis:<\/span><\/p>\n<p>Merno razvodni ormani su izra\u0111eni od presovanog po liestera oja\u010danog staklenim vlaknima. Otpo rni su na udare, savijanje i imaju veliku dijalektri\u010dku \u010dvrsto \u0107u. Opto rni su na atmo sverske uticaje kao i na UV zra\u010denje.<\/p>\n<p>&nbsp;<\/p>\n<p><strong><span style=\"text-decoration: underline;\">T<\/span><\/strong><strong><span style=\"text-decoration: underline;\">ehnicki podaci:<\/span><\/strong><\/p>\n<ul>\n<li>Nominalni napo n izo lacije: 500 V<\/li>\n<li>Nominalna struja: 630 A<\/li>\n<li>Stepen mehani\u010dke za\u0161tite: IP 54<\/li>\n<li>Odpornost na udarce: IK 10<\/li>\n<li>Klasa za\u0161tite II<\/li>\n<li>Boja RAL 7035<\/li>\n<li>Odpornost na atmosverske uticaje UV stabilan<\/li>\n<li>Temperatura eksplatacije -50 C do +60 C<\/li>\n<li>Termi\u010dka postojanost -40 C do +2 00 C<\/li>\n<\/ul>\n","protected":false},"excerpt":{"rendered":"<p>Modularni merno razvodni orman od poliestera MRO2 510x820x250 Koristi se za monta\u017eu dva merna ure\u0111aja. Za monta\u017eu vi\u0161e mernih ure\u0111aja mogu se nizati jedan pored drugog i jedan iznad drugog. Kodni broj Na\u010din ugradnje Tip Dimenzija mm Stepen za\u0161tite 5086080 Stubni MRO2-S 510x820x250 IP 54 5086081 Zidni MRO2-Z 510x820x250 IP 54 5086082 Uzidni MRO2-U 510x820x250 [&hellip;]<\/p>\n","protected":false},"featured_media":0,"comment_status":"closed","ping_status":"closed","template":"","meta":[],"product_brand":[],"product_cat":[186,185,188],"product_tag":[],"class_list":{"0":"post-821","1":"product","2":"type-product","3":"status-publish","5":"product_cat-merni-ormani","6":"product_cat-merno-razvodni-ormani","7":"product_cat-mro2","9":"first","10":"instock","11":"shipping-taxable","12":"product-type-simple"},"_links":{"self":[{"href":"https:\/\/www.feman.net\/eng\/index.php?rest_route=\/wp\/v2\/product\/821","targetHints":{"allow":["GET"]}}],"collection":[{"href":"https:\/\/www.feman.net\/eng\/index.php?rest_route=\/wp\/v2\/product"}],"about":[{"href":"https:\/\/www.feman.net\/eng\/index.php?rest_route=\/wp\/v2\/types\/product"}],"replies":[{"embeddable":true,"href":"https:\/\/www.feman.net\/eng\/index.php?rest_route=%2Fwp%2Fv2%2Fcomments&post=821"}],"wp:attachment":[{"href":"https:\/\/www.feman.net\/eng\/index.php?rest_route=%2Fwp%2Fv2%2Fmedia&parent=821"}],"wp:term":[{"taxonomy":"product_brand","embeddable":true,"href":"https:\/\/www.feman.net\/eng\/index.php?rest_route=%2Fwp%2Fv2%2Fproduct_brand&post=821"},{"taxonomy":"product_cat","embeddable":true,"href":"https:\/\/www.feman.net\/eng\/index.php?rest_route=%2Fwp%2Fv2%2Fproduct_cat&post=821"},{"taxonomy":"product_tag","embeddable":true,"href":"https:\/\/www.feman.net\/eng\/index.php?rest_route=%2Fwp%2Fv2%2Fproduct_tag&post=821"}],"curies":[{"name":"wp","href":"https:\/\/api.w.org\/{rel}","templated":true}]}}