{"id":823,"date":"2015-03-24T13:44:08","date_gmt":"2015-03-24T13:44:08","guid":{"rendered":"http:\/\/feman.net\/?p=823"},"modified":"2022-01-28T18:59:52","modified_gmt":"2022-01-28T18:59:52","slug":"mro4-510x1640x250-modularno-merno-razvodni-orman-od-poliestera","status":"publish","type":"product","link":"https:\/\/www.feman.net\/eng\/?product=mro4-510x1640x250-modularno-merno-razvodni-orman-od-poliestera","title":{"rendered":"MRO4 510 x 1640 x 250  Modularni merno &#8211; razvodni orman od poliestera"},"content":{"rendered":"<p>Koristi se za monta\u017eu \u010detiri merna ure\u0111aja. Za monta\u017eu vi\u0161e mernih ure\u0111aja mogu se nizati jedan po red drugog.<\/p>\n<p><a href=\"wp-content\/uploads\/2015\/04\/24-5.png\"><img loading=\"lazy\" decoding=\"async\" class=\"alignleft wp-image-3657\" src=\"http:\/\/www.feman.net\/wp-content\/uploads\/2015\/04\/24-5-584x1024.png\" alt=\"MRO4 510x1640x250 MODULARNO MERNO - RAZVODNI ORMAN OD POLIESTERA\" width=\"347\" height=\"608\" srcset=\"https:\/\/www.feman.net\/eng\/wp-content\/uploads\/2015\/04\/24-5-584x1024.png 584w, https:\/\/www.feman.net\/eng\/wp-content\/uploads\/2015\/04\/24-5-300x526.png 300w, https:\/\/www.feman.net\/eng\/wp-content\/uploads\/2015\/04\/24-5-600x1053.png 600w, https:\/\/www.feman.net\/eng\/wp-content\/uploads\/2015\/04\/24-5-171x300.png 171w, https:\/\/www.feman.net\/eng\/wp-content\/uploads\/2015\/04\/24-5-150x263.png 150w, https:\/\/www.feman.net\/eng\/wp-content\/uploads\/2015\/04\/24-5.png 640w\" sizes=\"(max-width: 347px) 100vw, 347px\" \/><\/a> \u00a0\u00a0\u00a0\u00a0\u00a0\u00a0\u00a0\u00a0\u00a0\u00a0\u00a0\u00a0\u00a0\u00a0\u00a0\u00a0\u00a0\u00a0\u00a0\u00a0\u00a0\u00a0 <a href=\"wp-content\/uploads\/2015\/04\/24-4.png\"><img loading=\"lazy\" decoding=\"async\" class=\"alignnone wp-image-3656\" src=\"http:\/\/www.feman.net\/wp-content\/uploads\/2015\/04\/24-4-345x1024.png\" alt=\"MRO4 510x1640x250 MODULARNO MERNO - RAZVODNI ORMAN OD POLIESTERA\" width=\"191\" height=\"566\" \/><\/a><\/p>\n<p>&nbsp;<\/p>\n<table style=\"height: 127px;\" width=\"807\">\n<tbody>\n<tr style=\"background-color: #f5d4c6;\">\n<td style=\"text-align: center;\">Kodni broj<\/td>\n<td style=\"text-align: center;\">Na\u010din ugradnje<\/td>\n<td style=\"text-align: center;\">Tip<\/td>\n<td style=\"text-align: center;\">Dimenzija mm<\/td>\n<td style=\"text-align: center;\">Stepen za\u0161tite<\/td>\n<\/tr>\n<tr>\n<td style=\"text-align: center;\">5086088<\/td>\n<td style=\"text-align: center;\">Slobodnostoje\u0107i nadzemni<\/td>\n<td style=\"text-align: center;\">MRO4-SSN<\/td>\n<td style=\"text-align: center;\">510x1640x250<\/td>\n<td style=\"text-align: center;\">IP 54<\/td>\n<\/tr>\n<\/tbody>\n<\/table>\n<p>Vi\u0161enamenski univerzalni o rman izra\u0111ujemo u vi\u0161e varijanti i kao slo bo dno sto je\u0107i uzemni.<\/p>\n<p><span style=\"color: #ff9900;\"><strong>Tehni\u010dki opis:<\/strong><\/span><br \/>\nOrmani su izra\u0111eni od presovanog po liestera oja\u010danog staklenim vlaknima. Otporni su na udare,uvijanje i imaju veliku dijalektri\u010dku \u010dvrsto \u0107u. Otporni su na atmosverske uticaje kao i na UV zra\u010denje.<\/p>\n<p><span style=\"color: #ff9900;\"><strong>T<\/strong><strong>ehnicki podaci:<\/strong><\/span><\/p>\n<ul>\n<li>Nominalni napon izolacije: 500 V<\/li>\n<li>Nominalna struja: 630 A<\/li>\n<li>Stepen mehani\u010dke za\u0161tite IP 54<\/li>\n<li>Odpornost na udarce IK 10<\/li>\n<li>Klasa za\u0161tite II<\/li>\n<li>Boja RAL 7035<\/li>\n<li>Odpornost na atmosverske uticaje UV stabilan Temeratura eksplatacije -50 C do +60 C<\/li>\n<li>Termi\u010dka posto janost -40 C do +2 00 C<\/li>\n<\/ul>\n<p>&nbsp;<\/p>\n<p>&nbsp;<\/p>\n","protected":false},"excerpt":{"rendered":"<p>Koristi se za monta\u017eu \u010detiri merna ure\u0111aja. Za monta\u017eu vi\u0161e mernih ure\u0111aja mogu se nizati jedan po red drugog. \u00a0\u00a0\u00a0\u00a0\u00a0\u00a0\u00a0\u00a0\u00a0\u00a0\u00a0\u00a0\u00a0\u00a0\u00a0\u00a0\u00a0\u00a0\u00a0\u00a0\u00a0\u00a0 &nbsp; Kodni broj Na\u010din ugradnje Tip Dimenzija mm Stepen za\u0161tite 5086088 Slobodnostoje\u0107i nadzemni MRO4-SSN 510x1640x250 IP 54 Vi\u0161enamenski univerzalni o rman izra\u0111ujemo u vi\u0161e varijanti i kao slo bo dno sto je\u0107i uzemni. Tehni\u010dki opis: [&hellip;]<\/p>\n","protected":false},"featured_media":264284,"comment_status":"closed","ping_status":"closed","template":"","meta":[],"product_brand":[],"product_cat":[186,185],"product_tag":[],"class_list":{"0":"post-823","1":"product","2":"type-product","3":"status-publish","4":"has-post-thumbnail","6":"product_cat-merni-ormani","7":"product_cat-merno-razvodni-ormani","9":"first","10":"instock","11":"shipping-taxable","12":"product-type-simple"},"_links":{"self":[{"href":"https:\/\/www.feman.net\/eng\/index.php?rest_route=\/wp\/v2\/product\/823","targetHints":{"allow":["GET"]}}],"collection":[{"href":"https:\/\/www.feman.net\/eng\/index.php?rest_route=\/wp\/v2\/product"}],"about":[{"href":"https:\/\/www.feman.net\/eng\/index.php?rest_route=\/wp\/v2\/types\/product"}],"replies":[{"embeddable":true,"href":"https:\/\/www.feman.net\/eng\/index.php?rest_route=%2Fwp%2Fv2%2Fcomments&post=823"}],"wp:featuredmedia":[{"embeddable":true,"href":"https:\/\/www.feman.net\/eng\/index.php?rest_route=\/wp\/v2\/media\/264284"}],"wp:attachment":[{"href":"https:\/\/www.feman.net\/eng\/index.php?rest_route=%2Fwp%2Fv2%2Fmedia&parent=823"}],"wp:term":[{"taxonomy":"product_brand","embeddable":true,"href":"https:\/\/www.feman.net\/eng\/index.php?rest_route=%2Fwp%2Fv2%2Fproduct_brand&post=823"},{"taxonomy":"product_cat","embeddable":true,"href":"https:\/\/www.feman.net\/eng\/index.php?rest_route=%2Fwp%2Fv2%2Fproduct_cat&post=823"},{"taxonomy":"product_tag","embeddable":true,"href":"https:\/\/www.feman.net\/eng\/index.php?rest_route=%2Fwp%2Fv2%2Fproduct_tag&post=823"}],"curies":[{"name":"wp","href":"https:\/\/api.w.org\/{rel}","templated":true}]}}