{"id":845,"date":"2015-03-24T14:02:41","date_gmt":"2015-03-24T14:02:41","guid":{"rendered":"http:\/\/feman.net\/?p=845"},"modified":"2022-01-28T15:52:05","modified_gmt":"2022-01-28T15:52:05","slug":"mro2h-500x380x160-tehnicke-karakteristike-merno-razvodnog-ormana","status":"publish","type":"product","link":"https:\/\/www.feman.net\/eng\/?product=mro2h-500x380x160-tehnicke-karakteristike-merno-razvodnog-ormana","title":{"rendered":"MRO2\/H 500x380x160  TEHNICKE KARAKTERISTIKE MERNO &#8211; RAZVODNOG ORMANA"},"content":{"rendered":"<p>Vi\u0161enamenski univerzalni o rman izra\u0111ujemo u vi\u0161e varijanti, za mo nta\u017eu na stub, na zid, na ma\u0161inama i u zidu. Mo gu se ko ristiti kao merni, merno -ko mandni za uli\u010dnu rasvetu, razvo dni, ko mandni o rmani za auto matiku u po go nima itd.<\/p>\n<p>Tehni\u010dki o pis:<\/p>\n<p>Orman izra\u0111ijemo o d preso vano g nego rivo g po liestera o ja\u010dano g staklenim vlaknima. Otpo ran na udare, savijanje i ima veliku dielekti\u010dnu \u010dvrsto \u0107u 2 4kV\/mm. Otpo ran je na atmo sferske uticaje, kao i na i UV zra\u010denje. Ne pro uzro kuje \u0161tetna dejstva na \u017eive o rganizme i \u010do veko vu o ko linu. Pru\u017ea veo ma do bru mehani\u010dku i elektri\u010dnu za\u0161titu. Ko ri\u0161\u0107enje je jedno stavno i bez do datno g o dr\u017eavanja, o tpo ran je na viso ke temperature. Spada u viso ko izo lacio ne o rmane. Do davanjem dihtung gume na vratima, pro zo rima i drugim o tvo rima, po sti\u017ee se viso k stepen zaptiveno sti &#8211; IP 54. Zbo g svo jih tehni\u010dkih karakteristika mo gu se ko ristiti u vla\u017enim pro sto rijama i u sredinama gde je prisustvo kiselina. U skladu sa evro pskim standardima i no rmama razvili smo \u0161iro k pro gram prate\u0107e ugradne o preme za ormane.<\/p>\n<p><a href=\"http:\/\/www.feman.net\/wp-content\/uploads\/2015\/04\/31-1.png\"><img loading=\"lazy\" decoding=\"async\" class=\"alignnone size-medium wp-image-3670\" src=\"http:\/\/www.feman.net\/wp-content\/uploads\/2015\/04\/31-1-238x300.png\" alt=\"31-1\" width=\"238\" height=\"300\" srcset=\"https:\/\/www.feman.net\/eng\/wp-content\/uploads\/2015\/04\/31-1-238x300.png 238w, https:\/\/www.feman.net\/eng\/wp-content\/uploads\/2015\/04\/31-1-300x378.png 300w, https:\/\/www.feman.net\/eng\/wp-content\/uploads\/2015\/04\/31-1-600x756.png 600w, https:\/\/www.feman.net\/eng\/wp-content\/uploads\/2015\/04\/31-1-150x189.png 150w, https:\/\/www.feman.net\/eng\/wp-content\/uploads\/2015\/04\/31-1.png 800w\" sizes=\"(max-width: 238px) 100vw, 238px\" \/><\/a><\/p>\n<table style=\"height: 222px;\" width=\"879\">\n<tbody>\n<tr>\n<td>Kodni broj<\/td>\n<td>Tip<\/td>\n<td>Na\u010din ugradnje<\/td>\n<td>Te\u017eina (kg)<\/td>\n<td>Dimenzije mm<\/td>\n<td>Stepen za\u0161tite<\/td>\n<\/tr>\n<tr>\n<td>5080320<\/td>\n<td>MRO2\/N-S<\/td>\n<td>Stubni<\/td>\n<td>5,00<\/td>\n<td>500x380x160<\/td>\n<td>IP 54<\/td>\n<\/tr>\n<tr>\n<td>5080321<\/td>\n<td>MRO2\/N-ZU<\/td>\n<td>Zidni-Uzidni<\/td>\n<td>4,90<\/td>\n<td>500x380x160<\/td>\n<td>IP 54<\/td>\n<\/tr>\n<\/tbody>\n<\/table>\n<p>&nbsp;<\/p>\n<p>&nbsp;<\/p>\n","protected":false},"excerpt":{"rendered":"<p>Vi\u0161enamenski univerzalni o rman izra\u0111ujemo u vi\u0161e varijanti, za mo nta\u017eu na stub, na zid, na ma\u0161inama i u zidu. Mo gu se ko ristiti kao merni, merno -ko mandni za uli\u010dnu rasvetu, razvo dni, ko mandni o rmani za auto matiku u po go nima itd. Tehni\u010dki o pis: Orman izra\u0111ijemo o d preso [&hellip;]<\/p>\n","protected":false},"featured_media":0,"comment_status":"closed","ping_status":"closed","template":"","meta":[],"product_brand":[],"product_cat":[186,185,188],"product_tag":[],"class_list":{"0":"post-845","1":"product","2":"type-product","3":"status-publish","5":"product_cat-merni-ormani","6":"product_cat-merno-razvodni-ormani","7":"product_cat-mro2","9":"first","10":"instock","11":"shipping-taxable","12":"product-type-simple"},"_links":{"self":[{"href":"https:\/\/www.feman.net\/eng\/index.php?rest_route=\/wp\/v2\/product\/845","targetHints":{"allow":["GET"]}}],"collection":[{"href":"https:\/\/www.feman.net\/eng\/index.php?rest_route=\/wp\/v2\/product"}],"about":[{"href":"https:\/\/www.feman.net\/eng\/index.php?rest_route=\/wp\/v2\/types\/product"}],"replies":[{"embeddable":true,"href":"https:\/\/www.feman.net\/eng\/index.php?rest_route=%2Fwp%2Fv2%2Fcomments&post=845"}],"wp:attachment":[{"href":"https:\/\/www.feman.net\/eng\/index.php?rest_route=%2Fwp%2Fv2%2Fmedia&parent=845"}],"wp:term":[{"taxonomy":"product_brand","embeddable":true,"href":"https:\/\/www.feman.net\/eng\/index.php?rest_route=%2Fwp%2Fv2%2Fproduct_brand&post=845"},{"taxonomy":"product_cat","embeddable":true,"href":"https:\/\/www.feman.net\/eng\/index.php?rest_route=%2Fwp%2Fv2%2Fproduct_cat&post=845"},{"taxonomy":"product_tag","embeddable":true,"href":"https:\/\/www.feman.net\/eng\/index.php?rest_route=%2Fwp%2Fv2%2Fproduct_tag&post=845"}],"curies":[{"name":"wp","href":"https:\/\/api.w.org\/{rel}","templated":true}]}}