{"id":849,"date":"2015-03-24T14:04:02","date_gmt":"2015-03-24T14:04:02","guid":{"rendered":"http:\/\/feman.net\/?p=849"},"modified":"2022-01-28T15:51:38","modified_gmt":"2022-01-28T15:51:38","slug":"mro2h-500x380x160-vrste-montaze-ormana-stubni-nazidni","status":"publish","type":"product","link":"https:\/\/www.feman.net\/eng\/?product=mro2h-500x380x160-vrste-montaze-ormana-stubni-nazidni","title":{"rendered":"MRO2\/H 500x380x160  VRSTE MONTAZE ORMANA : STUBNI, NAZIDNI"},"content":{"rendered":"<p>&nbsp;<\/p>\n<table style=\"height: 505px;\" width=\"525\">\n<tbody>\n<tr>\n<td><a href=\"http:\/\/www.feman.net\/wp-content\/uploads\/2015\/04\/34-1.png\"><img loading=\"lazy\" decoding=\"async\" class=\"alignnone  wp-image-3684\" src=\"http:\/\/www.feman.net\/wp-content\/uploads\/2015\/04\/34-1-174x300.png\" alt=\"34-1\" width=\"224\" height=\"386\" srcset=\"https:\/\/www.feman.net\/eng\/wp-content\/uploads\/2015\/04\/34-1-174x300.png 174w, https:\/\/www.feman.net\/eng\/wp-content\/uploads\/2015\/04\/34-1-300x516.png 300w, https:\/\/www.feman.net\/eng\/wp-content\/uploads\/2015\/04\/34-1-600x1032.png 600w, https:\/\/www.feman.net\/eng\/wp-content\/uploads\/2015\/04\/34-1-596x1024.png 596w, https:\/\/www.feman.net\/eng\/wp-content\/uploads\/2015\/04\/34-1-150x258.png 150w, https:\/\/www.feman.net\/eng\/wp-content\/uploads\/2015\/04\/34-1.png 720w\" sizes=\"(max-width: 224px) 100vw, 224px\" \/><\/a><\/td>\n<td><a href=\"http:\/\/www.feman.net\/wp-content\/uploads\/2015\/04\/34-2.png\"><img loading=\"lazy\" decoding=\"async\" class=\"alignnone wp-image-3685 \" src=\"http:\/\/www.feman.net\/wp-content\/uploads\/2015\/04\/34-2-600x1024.png\" alt=\"34-2\" width=\"242\" height=\"413\" srcset=\"https:\/\/www.feman.net\/eng\/wp-content\/uploads\/2015\/04\/34-2-600x1024.png 600w, https:\/\/www.feman.net\/eng\/wp-content\/uploads\/2015\/04\/34-2-300x512.png 300w, https:\/\/www.feman.net\/eng\/wp-content\/uploads\/2015\/04\/34-2-176x300.png 176w, https:\/\/www.feman.net\/eng\/wp-content\/uploads\/2015\/04\/34-2-150x256.png 150w, https:\/\/www.feman.net\/eng\/wp-content\/uploads\/2015\/04\/34-2.png 640w\" sizes=\"(max-width: 242px) 100vw, 242px\" \/><\/a><\/td>\n<\/tr>\n<tr>\n<td>Ormani za monta\u017eu na stub sa le\u0111nim nosa\u010dima<\/td>\n<td>\u00a0\u00a0\u00a0\u00a0\u00a0\u00a0\u00a0\u00a0\u00a0\u00a0\u00a0\u00a0 Ormani za monta\u017eu na zid<\/td>\n<\/tr>\n<\/tbody>\n<\/table>\n<p>&nbsp;<\/p>\n","protected":false},"excerpt":{"rendered":"<p>&nbsp; Ormani za monta\u017eu na stub sa le\u0111nim nosa\u010dima \u00a0\u00a0\u00a0\u00a0\u00a0\u00a0\u00a0\u00a0\u00a0\u00a0\u00a0\u00a0 Ormani za monta\u017eu na zid &nbsp;<\/p>\n","protected":false},"featured_media":0,"comment_status":"closed","ping_status":"closed","template":"","meta":[],"product_brand":[],"product_cat":[186,185,188],"product_tag":[],"class_list":{"0":"post-849","1":"product","2":"type-product","3":"status-publish","5":"product_cat-merni-ormani","6":"product_cat-merno-razvodni-ormani","7":"product_cat-mro2","9":"first","10":"instock","11":"shipping-taxable","12":"product-type-simple"},"_links":{"self":[{"href":"https:\/\/www.feman.net\/eng\/index.php?rest_route=\/wp\/v2\/product\/849","targetHints":{"allow":["GET"]}}],"collection":[{"href":"https:\/\/www.feman.net\/eng\/index.php?rest_route=\/wp\/v2\/product"}],"about":[{"href":"https:\/\/www.feman.net\/eng\/index.php?rest_route=\/wp\/v2\/types\/product"}],"replies":[{"embeddable":true,"href":"https:\/\/www.feman.net\/eng\/index.php?rest_route=%2Fwp%2Fv2%2Fcomments&post=849"}],"wp:attachment":[{"href":"https:\/\/www.feman.net\/eng\/index.php?rest_route=%2Fwp%2Fv2%2Fmedia&parent=849"}],"wp:term":[{"taxonomy":"product_brand","embeddable":true,"href":"https:\/\/www.feman.net\/eng\/index.php?rest_route=%2Fwp%2Fv2%2Fproduct_brand&post=849"},{"taxonomy":"product_cat","embeddable":true,"href":"https:\/\/www.feman.net\/eng\/index.php?rest_route=%2Fwp%2Fv2%2Fproduct_cat&post=849"},{"taxonomy":"product_tag","embeddable":true,"href":"https:\/\/www.feman.net\/eng\/index.php?rest_route=%2Fwp%2Fv2%2Fproduct_tag&post=849"}],"curies":[{"name":"wp","href":"https:\/\/api.w.org\/{rel}","templated":true}]}}